{"id":118,"date":"2017-08-29T18:25:08","date_gmt":"2017-08-29T23:25:08","guid":{"rendered":"http:\/\/www.armoniavip.com\/?page_id=118"},"modified":"2021-10-01T12:38:27","modified_gmt":"2021-10-01T17:38:27","slug":"sedes-hogares-geriatricos-en-medellin","status":"publish","type":"page","link":"https:\/\/armoniavip.com\/index.php\/sedes-hogares-geriatricos-en-medellin\/","title":{"rendered":"Sedes"},"content":{"rendered":"<p>Nuestra Sede El Poblado<\/p>\n<p><div class=\"image_frame image_item no_link scale-with-grid aligncenter no_border\" ><div class=\"image_wrapper\"><img loading=\"lazy\" decoding=\"async\" class=\"scale-with-grid\" src=\"https:\/\/armoniavip.com\/wp-content\/uploads\/2021\/10\/IM-1-Servicios-Atardeceres.png\" alt=\"IM-1-Servicios-Atardeceres\" width=\"23\" height=\"3\" \/><\/div><\/div>\n<br \/>\n<hr class=\"no_line\" style=\"margin: 0 auto 15px;\"\/>\n<\/p>\n<p>icon<\/p>\n<p><img decoding=\"async\" src=\"https:\/\/armoniavip.com\/wp-content\/uploads\/2021\/10\/IM-2-Sedes-Atardeceres.jpg\" alt=\"IM-2-Sedes-Atardeceres\"\/><\/p>\n<p>center<\/p>\n<p>default<\/p>\n<p><img decoding=\"async\" src=\"https:\/\/armoniavip.com\/wp-content\/uploads\/2021\/10\/IM-3-Sedes-Atardeceres.jpg\" alt=\"IM-3-Sedes-Atardeceres\"\/><\/p>\n<p>Gallery<\/p>\n\n\t\t\t<style type='text\/css'>\n\t\t\t\t#gallery-1 {\n\t\t\t\t\tmargin: auto;\n\t\t\t\t}\n\t\t\t\t#gallery-1 .gallery-item {\n\t\t\t\t\tfloat: left;\n\t\t\t\t\tmargin-top: 10px;\n\t\t\t\t\ttext-align: center;\n\t\t\t\t\twidth: 33.33%;\n\t\t\t\t}\n\t\t\t\t#gallery-1 img {\n\t\t\t\t\tborder: 2px solid #cfcfcf;\n\t\t\t\t}\n\t\t\t\t#gallery-1 .gallery-caption {\n\t\t\t\t\tmargin-left: 0;\n\t\t\t\t}\n\t\t\t\t\/* see gallery_shortcode() in wp-includes\/media.php *\/\n\t\t\t<\/style>\n\t\t<div id='gallery-1' class='gallery galleryid-118 gallery-columns-3 gallery-size-thumbnail file'><dl class='gallery-item'>\n\t\t\t\t<dt class='gallery-icon landscape'>\n\t\t\t\t\t<a href='https:\/\/armoniavip.com\/wp-content\/uploads\/2021\/10\/IM-4-Sedes-Atardeceres.jpg'><img loading=\"lazy\" decoding=\"async\" width=\"150\" height=\"150\" src=\"https:\/\/armoniavip.com\/wp-content\/uploads\/2021\/10\/IM-4-Sedes-Atardeceres-150x150.jpg\" class=\"attachment-thumbnail size-thumbnail\" alt=\"\" srcset=\"https:\/\/armoniavip.com\/wp-content\/uploads\/2021\/10\/IM-4-Sedes-Atardeceres-150x150.jpg 150w, https:\/\/armoniavip.com\/wp-content\/uploads\/2021\/10\/IM-4-Sedes-Atardeceres-85x85.jpg 85w, https:\/\/armoniavip.com\/wp-content\/uploads\/2021\/10\/IM-4-Sedes-Atardeceres-80x80.jpg 80w\" sizes=\"auto, (max-width: 150px) 100vw, 150px\" \/><\/a>\n\t\t\t\t<\/dt><\/dl><dl class='gallery-item'>\n\t\t\t\t<dt class='gallery-icon landscape'>\n\t\t\t\t\t<a href='https:\/\/armoniavip.com\/wp-content\/uploads\/2021\/10\/IM-5-Sedes-Atardeceres.jpg'><img loading=\"lazy\" decoding=\"async\" width=\"150\" height=\"150\" src=\"https:\/\/armoniavip.com\/wp-content\/uploads\/2021\/10\/IM-5-Sedes-Atardeceres-150x150.jpg\" class=\"attachment-thumbnail size-thumbnail\" alt=\"\" srcset=\"https:\/\/armoniavip.com\/wp-content\/uploads\/2021\/10\/IM-5-Sedes-Atardeceres-150x150.jpg 150w, https:\/\/armoniavip.com\/wp-content\/uploads\/2021\/10\/IM-5-Sedes-Atardeceres-85x85.jpg 85w, https:\/\/armoniavip.com\/wp-content\/uploads\/2021\/10\/IM-5-Sedes-Atardeceres-80x80.jpg 80w\" sizes=\"auto, (max-width: 150px) 100vw, 150px\" \/><\/a>\n\t\t\t\t<\/dt><\/dl><dl class='gallery-item'>\n\t\t\t\t<dt class='gallery-icon landscape'>\n\t\t\t\t\t<a href='https:\/\/armoniavip.com\/wp-content\/uploads\/2021\/10\/IM-6-Sedes-Atardeceres.jpg'><img loading=\"lazy\" decoding=\"async\" width=\"150\" height=\"150\" src=\"https:\/\/armoniavip.com\/wp-content\/uploads\/2021\/10\/IM-6-Sedes-Atardeceres-150x150.jpg\" class=\"attachment-thumbnail size-thumbnail\" alt=\"\" srcset=\"https:\/\/armoniavip.com\/wp-content\/uploads\/2021\/10\/IM-6-Sedes-Atardeceres-150x150.jpg 150w, https:\/\/armoniavip.com\/wp-content\/uploads\/2021\/10\/IM-6-Sedes-Atardeceres-85x85.jpg 85w, https:\/\/armoniavip.com\/wp-content\/uploads\/2021\/10\/IM-6-Sedes-Atardeceres-80x80.jpg 80w\" sizes=\"auto, (max-width: 150px) 100vw, 150px\" \/><\/a>\n\t\t\t\t<\/dt><\/dl><br style=\"clear: both\" \/><dl class='gallery-item'>\n\t\t\t\t<dt class='gallery-icon landscape'>\n\t\t\t\t\t<a href='https:\/\/armoniavip.com\/wp-content\/uploads\/2021\/10\/IM-7-Sedes-Atardeceres.jpg'><img loading=\"lazy\" decoding=\"async\" width=\"150\" height=\"150\" src=\"https:\/\/armoniavip.com\/wp-content\/uploads\/2021\/10\/IM-7-Sedes-Atardeceres-150x150.jpg\" class=\"attachment-thumbnail size-thumbnail\" alt=\"\" srcset=\"https:\/\/armoniavip.com\/wp-content\/uploads\/2021\/10\/IM-7-Sedes-Atardeceres-150x150.jpg 150w, https:\/\/armoniavip.com\/wp-content\/uploads\/2021\/10\/IM-7-Sedes-Atardeceres-85x85.jpg 85w, https:\/\/armoniavip.com\/wp-content\/uploads\/2021\/10\/IM-7-Sedes-Atardeceres-80x80.jpg 80w\" sizes=\"auto, (max-width: 150px) 100vw, 150px\" \/><\/a>\n\t\t\t\t<\/dt><\/dl><dl class='gallery-item'>\n\t\t\t\t<dt class='gallery-icon landscape'>\n\t\t\t\t\t<a href='https:\/\/armoniavip.com\/wp-content\/uploads\/2021\/10\/IM-8-Sedes-Atardeceres.jpg'><img loading=\"lazy\" decoding=\"async\" width=\"150\" height=\"150\" src=\"https:\/\/armoniavip.com\/wp-content\/uploads\/2021\/10\/IM-8-Sedes-Atardeceres-150x150.jpg\" class=\"attachment-thumbnail size-thumbnail\" alt=\"\" srcset=\"https:\/\/armoniavip.com\/wp-content\/uploads\/2021\/10\/IM-8-Sedes-Atardeceres-150x150.jpg 150w, https:\/\/armoniavip.com\/wp-content\/uploads\/2021\/10\/IM-8-Sedes-Atardeceres-85x85.jpg 85w, https:\/\/armoniavip.com\/wp-content\/uploads\/2021\/10\/IM-8-Sedes-Atardeceres-80x80.jpg 80w\" sizes=\"auto, (max-width: 150px) 100vw, 150px\" \/><\/a>\n\t\t\t\t<\/dt><\/dl><dl class='gallery-item'>\n\t\t\t\t<dt class='gallery-icon landscape'>\n\t\t\t\t\t<a href='https:\/\/armoniavip.com\/wp-content\/uploads\/2021\/10\/IM-9-Sedes-Atardeceres.jpg'><img loading=\"lazy\" decoding=\"async\" width=\"150\" height=\"150\" src=\"https:\/\/armoniavip.com\/wp-content\/uploads\/2021\/10\/IM-9-Sedes-Atardeceres-150x150.jpg\" class=\"attachment-thumbnail size-thumbnail\" alt=\"\" srcset=\"https:\/\/armoniavip.com\/wp-content\/uploads\/2021\/10\/IM-9-Sedes-Atardeceres-150x150.jpg 150w, https:\/\/armoniavip.com\/wp-content\/uploads\/2021\/10\/IM-9-Sedes-Atardeceres-85x85.jpg 85w, https:\/\/armoniavip.com\/wp-content\/uploads\/2021\/10\/IM-9-Sedes-Atardeceres-80x80.jpg 80w\" sizes=\"auto, (max-width: 150px) 100vw, 150px\" \/><\/a>\n\t\t\t\t<\/dt><\/dl><br style=\"clear: both\" \/>\n\t\t\t<\/div>\n\n<p>no-repeat;center top;;<\/p>\n<p>auto<\/p>\n<p>Nuestra Sede Laureles<\/p>\n<p><div class=\"image_frame image_item no_link scale-with-grid aligncenter no_border\" ><div class=\"image_wrapper\"><img loading=\"lazy\" decoding=\"async\" class=\"scale-with-grid\" src=\"https:\/\/armoniavip.com\/wp-content\/uploads\/2021\/10\/IM-1-Servicios-Atardeceres.png\" alt=\"IM-1-Servicios-Atardeceres\" width=\"23\" height=\"3\" \/><\/div><\/div>\n<br \/>\n<hr class=\"no_line\" style=\"margin: 0 auto 15px;\"\/>\n<\/p>\n<p>icon<\/p>\n<p><img decoding=\"async\" src=\"https:\/\/armoniavip.com\/wp-content\/uploads\/2021\/10\/IM-1-Sedes-Atardeceres.jpg\" alt=\"IM-1-Sedes-Atardeceres\"\/><\/p>\n<p>center<\/p>\n<p>default<\/p>\n<p><img decoding=\"async\" src=\"https:\/\/armoniavip.com\/wp-content\/uploads\/2021\/10\/IM-1-Nosotros-Atardeceres-1.png\" alt=\"IM-1-Nosotros-Atardeceres\"\/><\/p>\n<p>Gallery<\/p>\n\n\t\t\t<style type='text\/css'>\n\t\t\t\t#gallery-2 {\n\t\t\t\t\tmargin: auto;\n\t\t\t\t}\n\t\t\t\t#gallery-2 .gallery-item {\n\t\t\t\t\tfloat: left;\n\t\t\t\t\tmargin-top: 10px;\n\t\t\t\t\ttext-align: center;\n\t\t\t\t\twidth: 33.33%;\n\t\t\t\t}\n\t\t\t\t#gallery-2 img {\n\t\t\t\t\tborder: 2px solid #cfcfcf;\n\t\t\t\t}\n\t\t\t\t#gallery-2 .gallery-caption {\n\t\t\t\t\tmargin-left: 0;\n\t\t\t\t}\n\t\t\t\t\/* see gallery_shortcode() in wp-includes\/media.php *\/\n\t\t\t<\/style>\n\t\t<div id='gallery-2' class='gallery galleryid-118 gallery-columns-3 gallery-size-thumbnail file'><dl class='gallery-item'>\n\t\t\t\t<dt class='gallery-icon landscape'>\n\t\t\t\t\t<a href='https:\/\/armoniavip.com\/wp-content\/uploads\/2021\/10\/IM-9-Galeria-Atardeceres.jpg'><img loading=\"lazy\" decoding=\"async\" width=\"150\" height=\"150\" src=\"https:\/\/armoniavip.com\/wp-content\/uploads\/2021\/10\/IM-9-Galeria-Atardeceres-150x150.jpg\" class=\"attachment-thumbnail size-thumbnail\" alt=\"\" srcset=\"https:\/\/armoniavip.com\/wp-content\/uploads\/2021\/10\/IM-9-Galeria-Atardeceres-150x150.jpg 150w, https:\/\/armoniavip.com\/wp-content\/uploads\/2021\/10\/IM-9-Galeria-Atardeceres-85x85.jpg 85w, https:\/\/armoniavip.com\/wp-content\/uploads\/2021\/10\/IM-9-Galeria-Atardeceres-80x80.jpg 80w\" sizes=\"auto, (max-width: 150px) 100vw, 150px\" \/><\/a>\n\t\t\t\t<\/dt><\/dl><dl class='gallery-item'>\n\t\t\t\t<dt class='gallery-icon landscape'>\n\t\t\t\t\t<a href='https:\/\/armoniavip.com\/wp-content\/uploads\/2021\/10\/IM-17-Galeria-Atardeceres.jpg'><img loading=\"lazy\" decoding=\"async\" width=\"150\" height=\"150\" src=\"https:\/\/armoniavip.com\/wp-content\/uploads\/2021\/10\/IM-17-Galeria-Atardeceres-150x150.jpg\" class=\"attachment-thumbnail size-thumbnail\" alt=\"\" srcset=\"https:\/\/armoniavip.com\/wp-content\/uploads\/2021\/10\/IM-17-Galeria-Atardeceres-150x150.jpg 150w, https:\/\/armoniavip.com\/wp-content\/uploads\/2021\/10\/IM-17-Galeria-Atardeceres-85x85.jpg 85w, https:\/\/armoniavip.com\/wp-content\/uploads\/2021\/10\/IM-17-Galeria-Atardeceres-80x80.jpg 80w\" sizes=\"auto, (max-width: 150px) 100vw, 150px\" \/><\/a>\n\t\t\t\t<\/dt><\/dl><dl class='gallery-item'>\n\t\t\t\t<dt class='gallery-icon landscape'>\n\t\t\t\t\t<a href='https:\/\/armoniavip.com\/wp-content\/uploads\/2021\/10\/IM-18-Galeria-Atardeceres.jpg'><img loading=\"lazy\" decoding=\"async\" width=\"150\" height=\"150\" src=\"https:\/\/armoniavip.com\/wp-content\/uploads\/2021\/10\/IM-18-Galeria-Atardeceres-150x150.jpg\" class=\"attachment-thumbnail size-thumbnail\" alt=\"\" srcset=\"https:\/\/armoniavip.com\/wp-content\/uploads\/2021\/10\/IM-18-Galeria-Atardeceres-150x150.jpg 150w, https:\/\/armoniavip.com\/wp-content\/uploads\/2021\/10\/IM-18-Galeria-Atardeceres-85x85.jpg 85w, https:\/\/armoniavip.com\/wp-content\/uploads\/2021\/10\/IM-18-Galeria-Atardeceres-80x80.jpg 80w\" sizes=\"auto, (max-width: 150px) 100vw, 150px\" \/><\/a>\n\t\t\t\t<\/dt><\/dl><br style=\"clear: both\" \/><dl class='gallery-item'>\n\t\t\t\t<dt class='gallery-icon landscape'>\n\t\t\t\t\t<a href='https:\/\/armoniavip.com\/wp-content\/uploads\/2021\/10\/IM-19-Galeria-Atardeceres.jpg'><img loading=\"lazy\" decoding=\"async\" width=\"150\" height=\"150\" src=\"https:\/\/armoniavip.com\/wp-content\/uploads\/2021\/10\/IM-19-Galeria-Atardeceres-150x150.jpg\" class=\"attachment-thumbnail size-thumbnail\" alt=\"\" srcset=\"https:\/\/armoniavip.com\/wp-content\/uploads\/2021\/10\/IM-19-Galeria-Atardeceres-150x150.jpg 150w, https:\/\/armoniavip.com\/wp-content\/uploads\/2021\/10\/IM-19-Galeria-Atardeceres-85x85.jpg 85w, https:\/\/armoniavip.com\/wp-content\/uploads\/2021\/10\/IM-19-Galeria-Atardeceres-80x80.jpg 80w\" sizes=\"auto, (max-width: 150px) 100vw, 150px\" \/><\/a>\n\t\t\t\t<\/dt><\/dl><dl class='gallery-item'>\n\t\t\t\t<dt class='gallery-icon landscape'>\n\t\t\t\t\t<a href='https:\/\/armoniavip.com\/wp-content\/uploads\/2021\/10\/IM-20-Galeria-Atardeceres.jpg'><img loading=\"lazy\" decoding=\"async\" width=\"150\" height=\"150\" src=\"https:\/\/armoniavip.com\/wp-content\/uploads\/2021\/10\/IM-20-Galeria-Atardeceres-150x150.jpg\" class=\"attachment-thumbnail size-thumbnail\" alt=\"\" srcset=\"https:\/\/armoniavip.com\/wp-content\/uploads\/2021\/10\/IM-20-Galeria-Atardeceres-150x150.jpg 150w, https:\/\/armoniavip.com\/wp-content\/uploads\/2021\/10\/IM-20-Galeria-Atardeceres-85x85.jpg 85w, https:\/\/armoniavip.com\/wp-content\/uploads\/2021\/10\/IM-20-Galeria-Atardeceres-80x80.jpg 80w\" sizes=\"auto, (max-width: 150px) 100vw, 150px\" \/><\/a>\n\t\t\t\t<\/dt><\/dl><dl class='gallery-item'>\n\t\t\t\t<dt class='gallery-icon landscape'>\n\t\t\t\t\t<a href='https:\/\/armoniavip.com\/wp-content\/uploads\/2021\/10\/IM-21-Galeria-Atardeceres.jpg'><img loading=\"lazy\" decoding=\"async\" width=\"150\" height=\"150\" src=\"https:\/\/armoniavip.com\/wp-content\/uploads\/2021\/10\/IM-21-Galeria-Atardeceres-150x150.jpg\" class=\"attachment-thumbnail size-thumbnail\" alt=\"\" srcset=\"https:\/\/armoniavip.com\/wp-content\/uploads\/2021\/10\/IM-21-Galeria-Atardeceres-150x150.jpg 150w, https:\/\/armoniavip.com\/wp-content\/uploads\/2021\/10\/IM-21-Galeria-Atardeceres-85x85.jpg 85w, https:\/\/armoniavip.com\/wp-content\/uploads\/2021\/10\/IM-21-Galeria-Atardeceres-80x80.jpg 80w\" sizes=\"auto, (max-width: 150px) 100vw, 150px\" \/><\/a>\n\t\t\t\t<\/dt><\/dl><br style=\"clear: both\" \/>\n\t\t\t<\/div>\n\n<p>no-repeat;center top;;<\/p>\n<p>auto<\/p>\n<p>6.242942<\/p>\n<p>-75.594159<\/p>\n<p>12<\/p>\n<p>400<\/p>\n<p>ROADMAP<\/p>\n<p>https:\/\/armoniavip.com\/wp-content\/uploads\/2021\/10\/IM-6-Icono-mapa-Atardeceres.png<\/p>\n<p>[<br \/>\n\u3000{<br \/>\n\u3000\u3000\u00bbstylers\u00bb: [<br \/>\n\u3000\u3000\u3000{ \u00abhue\u00bb: \u00ab#00ccff\u00bb },<br \/>\n\u3000\u3000\u3000{ \u00absaturation\u00bb: -21 },<br \/>\n\u3000\u3000\u3000{ \u00abvisibility\u00bb: \u00absimplified\u00bb }<br \/>\n\u3000\u3000]<br \/>\n\u3000},{<br \/>\n\u3000\u3000\u00bbfeatureType\u00bb: \u00abwater\u00bb,<br \/>\n\u3000\u3000\u00bbstylers\u00bb: [<br \/>\n\u3000\u3000\u3000{ \u00abhue\u00bb: \u00ab#00ccff\u00bb },<br \/>\n\u3000\u3000\u3000{ \u00absaturation\u00bb: -30 },<br \/>\n\u3000\u3000\u3000{ \u00ablightness\u00bb: -21 }<br \/>\n\u3000\u3000]<br \/>\n\u3000}<br \/>\n]<\/p>\n<p>6.207422, -75.560891<\/p>\n<p>box<\/p>\n<p>Sus seres queridos en buenas manos&#8230;.<\/p>\n<h3 style=\"margin: 0; font-weight: 400;\">Sus seres queridos en buenas manos&#8230;.<\/h3>\n<p>center<\/p>\n<p>no-repeat;center top;;<\/p>\n<p>auto<\/p>\n","protected":false},"excerpt":{"rendered":"<p>Nuestra Sede El Poblado icon center default Gallery no-repeat;center top;; auto Nuestra Sede Laureles icon center default Gallery no-repeat;center top;; auto 6.242942 -75.594159 12 400 ROADMAP<span class=\"excerpt-hellip\"> [\u2026]<\/span><\/p>\n","protected":false},"author":2,"featured_media":0,"parent":0,"menu_order":3,"comment_status":"closed","ping_status":"closed","template":"","meta":{"om_disable_all_campaigns":false,"_monsterinsights_skip_tracking":false,"_monsterinsights_sitenote_active":false,"_monsterinsights_sitenote_note":"","_monsterinsights_sitenote_category":0,"_uf_show_specific_survey":0,"_uf_disable_surveys":false,"footnotes":""},"class_list":["post-118","page","type-page","status-publish","hentry"],"aioseo_notices":[],"yoast_head":"<!-- This site is optimized with the Yoast SEO plugin v27.3 - https:\/\/yoast.com\/product\/yoast-seo-wordpress\/ -->\n<title>Sedes | Armon\u00eda VIP | Hogares Geri\u00e1tricos en Medell\u00edn<\/title>\n<meta name=\"description\" content=\"Armon\u00eda VIP | Hogares Geri\u00e1tricos en Medell\u00edn cuenta con sedes en el Barrio Laureles y El Poblado. Donde brindamos nuestros servicios integrales a las personas mayores en un ambiente arm\u00f3nico, comprometidos con el adulto mayor a trav\u00e9s de la pol\u00edtica de atenci\u00f3n centrada en la persona.\" \/>\n<meta name=\"robots\" content=\"index, follow, max-snippet:-1, max-image-preview:large, max-video-preview:-1\" \/>\n<link rel=\"canonical\" href=\"https:\/\/armoniavip.com\/index.php\/sedes-hogares-geriatricos-en-medellin\/\" \/>\n<meta property=\"og:locale\" content=\"es_ES\" \/>\n<meta property=\"og:type\" content=\"article\" \/>\n<meta property=\"og:title\" content=\"Sedes | Armon\u00eda VIP | Hogares Geri\u00e1tricos en Medell\u00edn\" \/>\n<meta property=\"og:description\" content=\"Armon\u00eda VIP | Hogares Geri\u00e1tricos en Medell\u00edn cuenta con sedes en el Barrio Laureles y El Poblado. Donde brindamos nuestros servicios integrales a las personas mayores en un ambiente arm\u00f3nico, comprometidos con el adulto mayor a trav\u00e9s de la pol\u00edtica de atenci\u00f3n centrada en la persona.\" \/>\n<meta property=\"og:url\" content=\"https:\/\/armoniavip.com\/index.php\/sedes-hogares-geriatricos-en-medellin\/\" \/>\n<meta property=\"og:site_name\" content=\"Armon\u00eda Vip\" \/>\n<meta property=\"article:modified_time\" content=\"2021-10-01T17:38:27+00:00\" \/>\n<meta property=\"og:image\" content=\"https:\/\/armoniavip.com\/wp-content\/uploads\/2021\/10\/IM-4-Sedes-Atardeceres-150x150.jpg\" \/>\n<meta name=\"twitter:card\" content=\"summary_large_image\" \/>\n<meta name=\"twitter:label1\" content=\"Tiempo de lectura\" \/>\n\t<meta name=\"twitter:data1\" content=\"1 minuto\" \/>\n<script type=\"application\/ld+json\" class=\"yoast-schema-graph\">{\"@context\":\"https:\\\/\\\/schema.org\",\"@graph\":[{\"@type\":\"WebPage\",\"@id\":\"https:\\\/\\\/armoniavip.com\\\/index.php\\\/sedes-hogares-geriatricos-en-medellin\\\/\",\"url\":\"https:\\\/\\\/armoniavip.com\\\/index.php\\\/sedes-hogares-geriatricos-en-medellin\\\/\",\"name\":\"Sedes | Armon\u00eda VIP | Hogares Geri\u00e1tricos en Medell\u00edn\",\"isPartOf\":{\"@id\":\"https:\\\/\\\/armoniavip.com\\\/#website\"},\"primaryImageOfPage\":{\"@id\":\"https:\\\/\\\/armoniavip.com\\\/index.php\\\/sedes-hogares-geriatricos-en-medellin\\\/#primaryimage\"},\"image\":{\"@id\":\"https:\\\/\\\/armoniavip.com\\\/index.php\\\/sedes-hogares-geriatricos-en-medellin\\\/#primaryimage\"},\"thumbnailUrl\":\"https:\\\/\\\/armoniavip.com\\\/wp-content\\\/uploads\\\/2021\\\/10\\\/IM-2-Sedes-Atardeceres.jpg\",\"datePublished\":\"2017-08-29T23:25:08+00:00\",\"dateModified\":\"2021-10-01T17:38:27+00:00\",\"description\":\"Armon\u00eda VIP | Hogares Geri\u00e1tricos en Medell\u00edn cuenta con sedes en el Barrio Laureles y El Poblado. Donde brindamos nuestros servicios integrales a las personas mayores en un ambiente arm\u00f3nico, comprometidos con el adulto mayor a trav\u00e9s de la pol\u00edtica de atenci\u00f3n centrada en la persona.\",\"breadcrumb\":{\"@id\":\"https:\\\/\\\/armoniavip.com\\\/index.php\\\/sedes-hogares-geriatricos-en-medellin\\\/#breadcrumb\"},\"inLanguage\":\"es\",\"potentialAction\":[{\"@type\":\"ReadAction\",\"target\":[\"https:\\\/\\\/armoniavip.com\\\/index.php\\\/sedes-hogares-geriatricos-en-medellin\\\/\"]}]},{\"@type\":\"ImageObject\",\"inLanguage\":\"es\",\"@id\":\"https:\\\/\\\/armoniavip.com\\\/index.php\\\/sedes-hogares-geriatricos-en-medellin\\\/#primaryimage\",\"url\":\"https:\\\/\\\/armoniavip.com\\\/wp-content\\\/uploads\\\/2021\\\/10\\\/IM-2-Sedes-Atardeceres.jpg\",\"contentUrl\":\"https:\\\/\\\/armoniavip.com\\\/wp-content\\\/uploads\\\/2021\\\/10\\\/IM-2-Sedes-Atardeceres.jpg\",\"width\":1920,\"height\":1280},{\"@type\":\"BreadcrumbList\",\"@id\":\"https:\\\/\\\/armoniavip.com\\\/index.php\\\/sedes-hogares-geriatricos-en-medellin\\\/#breadcrumb\",\"itemListElement\":[{\"@type\":\"ListItem\",\"position\":1,\"name\":\"Inicio\",\"item\":\"https:\\\/\\\/armoniavip.com\\\/\"},{\"@type\":\"ListItem\",\"position\":2,\"name\":\"Sedes\"}]},{\"@type\":\"WebSite\",\"@id\":\"https:\\\/\\\/armoniavip.com\\\/#website\",\"url\":\"https:\\\/\\\/armoniavip.com\\\/\",\"name\":\"Armon\u00eda Vip\",\"description\":\"Hogares Geri\u00e1tricos en Medell\u00edn\",\"potentialAction\":[{\"@type\":\"SearchAction\",\"target\":{\"@type\":\"EntryPoint\",\"urlTemplate\":\"https:\\\/\\\/armoniavip.com\\\/?s={search_term_string}\"},\"query-input\":{\"@type\":\"PropertyValueSpecification\",\"valueRequired\":true,\"valueName\":\"search_term_string\"}}],\"inLanguage\":\"es\"}]}<\/script>\n<!-- \/ Yoast SEO plugin. -->","yoast_head_json":{"title":"Sedes | Armon\u00eda VIP | Hogares Geri\u00e1tricos en Medell\u00edn","description":"Armon\u00eda VIP | Hogares Geri\u00e1tricos en Medell\u00edn cuenta con sedes en el Barrio Laureles y El Poblado. Donde brindamos nuestros servicios integrales a las personas mayores en un ambiente arm\u00f3nico, comprometidos con el adulto mayor a trav\u00e9s de la pol\u00edtica de atenci\u00f3n centrada en la persona.","robots":{"index":"index","follow":"follow","max-snippet":"max-snippet:-1","max-image-preview":"max-image-preview:large","max-video-preview":"max-video-preview:-1"},"canonical":"https:\/\/armoniavip.com\/index.php\/sedes-hogares-geriatricos-en-medellin\/","og_locale":"es_ES","og_type":"article","og_title":"Sedes | Armon\u00eda VIP | Hogares Geri\u00e1tricos en Medell\u00edn","og_description":"Armon\u00eda VIP | Hogares Geri\u00e1tricos en Medell\u00edn cuenta con sedes en el Barrio Laureles y El Poblado. Donde brindamos nuestros servicios integrales a las personas mayores en un ambiente arm\u00f3nico, comprometidos con el adulto mayor a trav\u00e9s de la pol\u00edtica de atenci\u00f3n centrada en la persona.","og_url":"https:\/\/armoniavip.com\/index.php\/sedes-hogares-geriatricos-en-medellin\/","og_site_name":"Armon\u00eda Vip","article_modified_time":"2021-10-01T17:38:27+00:00","og_image":[{"url":"https:\/\/armoniavip.com\/wp-content\/uploads\/2021\/10\/IM-4-Sedes-Atardeceres-150x150.jpg","type":"","width":"","height":""}],"twitter_card":"summary_large_image","twitter_misc":{"Tiempo de lectura":"1 minuto"},"schema":{"@context":"https:\/\/schema.org","@graph":[{"@type":"WebPage","@id":"https:\/\/armoniavip.com\/index.php\/sedes-hogares-geriatricos-en-medellin\/","url":"https:\/\/armoniavip.com\/index.php\/sedes-hogares-geriatricos-en-medellin\/","name":"Sedes | Armon\u00eda VIP | Hogares Geri\u00e1tricos en Medell\u00edn","isPartOf":{"@id":"https:\/\/armoniavip.com\/#website"},"primaryImageOfPage":{"@id":"https:\/\/armoniavip.com\/index.php\/sedes-hogares-geriatricos-en-medellin\/#primaryimage"},"image":{"@id":"https:\/\/armoniavip.com\/index.php\/sedes-hogares-geriatricos-en-medellin\/#primaryimage"},"thumbnailUrl":"https:\/\/armoniavip.com\/wp-content\/uploads\/2021\/10\/IM-2-Sedes-Atardeceres.jpg","datePublished":"2017-08-29T23:25:08+00:00","dateModified":"2021-10-01T17:38:27+00:00","description":"Armon\u00eda VIP | Hogares Geri\u00e1tricos en Medell\u00edn cuenta con sedes en el Barrio Laureles y El Poblado. Donde brindamos nuestros servicios integrales a las personas mayores en un ambiente arm\u00f3nico, comprometidos con el adulto mayor a trav\u00e9s de la pol\u00edtica de atenci\u00f3n centrada en la persona.","breadcrumb":{"@id":"https:\/\/armoniavip.com\/index.php\/sedes-hogares-geriatricos-en-medellin\/#breadcrumb"},"inLanguage":"es","potentialAction":[{"@type":"ReadAction","target":["https:\/\/armoniavip.com\/index.php\/sedes-hogares-geriatricos-en-medellin\/"]}]},{"@type":"ImageObject","inLanguage":"es","@id":"https:\/\/armoniavip.com\/index.php\/sedes-hogares-geriatricos-en-medellin\/#primaryimage","url":"https:\/\/armoniavip.com\/wp-content\/uploads\/2021\/10\/IM-2-Sedes-Atardeceres.jpg","contentUrl":"https:\/\/armoniavip.com\/wp-content\/uploads\/2021\/10\/IM-2-Sedes-Atardeceres.jpg","width":1920,"height":1280},{"@type":"BreadcrumbList","@id":"https:\/\/armoniavip.com\/index.php\/sedes-hogares-geriatricos-en-medellin\/#breadcrumb","itemListElement":[{"@type":"ListItem","position":1,"name":"Inicio","item":"https:\/\/armoniavip.com\/"},{"@type":"ListItem","position":2,"name":"Sedes"}]},{"@type":"WebSite","@id":"https:\/\/armoniavip.com\/#website","url":"https:\/\/armoniavip.com\/","name":"Armon\u00eda Vip","description":"Hogares Geri\u00e1tricos en Medell\u00edn","potentialAction":[{"@type":"SearchAction","target":{"@type":"EntryPoint","urlTemplate":"https:\/\/armoniavip.com\/?s={search_term_string}"},"query-input":{"@type":"PropertyValueSpecification","valueRequired":true,"valueName":"search_term_string"}}],"inLanguage":"es"}]}},"_links":{"self":[{"href":"https:\/\/armoniavip.com\/index.php\/wp-json\/wp\/v2\/pages\/118","targetHints":{"allow":["GET"]}}],"collection":[{"href":"https:\/\/armoniavip.com\/index.php\/wp-json\/wp\/v2\/pages"}],"about":[{"href":"https:\/\/armoniavip.com\/index.php\/wp-json\/wp\/v2\/types\/page"}],"author":[{"embeddable":true,"href":"https:\/\/armoniavip.com\/index.php\/wp-json\/wp\/v2\/users\/2"}],"replies":[{"embeddable":true,"href":"https:\/\/armoniavip.com\/index.php\/wp-json\/wp\/v2\/comments?post=118"}],"version-history":[{"count":6,"href":"https:\/\/armoniavip.com\/index.php\/wp-json\/wp\/v2\/pages\/118\/revisions"}],"predecessor-version":[{"id":270,"href":"https:\/\/armoniavip.com\/index.php\/wp-json\/wp\/v2\/pages\/118\/revisions\/270"}],"wp:attachment":[{"href":"https:\/\/armoniavip.com\/index.php\/wp-json\/wp\/v2\/media?parent=118"}],"curies":[{"name":"wp","href":"https:\/\/api.w.org\/{rel}","templated":true}]}}