{"id":175,"date":"2017-08-31T22:24:41","date_gmt":"2017-09-01T03:24:41","guid":{"rendered":"http:\/\/www.armoniavip.com\/?page_id=175"},"modified":"2021-10-01T12:54:17","modified_gmt":"2021-10-01T17:54:17","slug":"galeria","status":"publish","type":"page","link":"https:\/\/armoniavip.com\/index.php\/galeria\/","title":{"rendered":"Galer\u00eda"},"content":{"rendered":"<h3>Sede El Poblado Campestre<\/h3>\n<p>no-repeat;center top;;<\/p>\n<p>auto<\/p>\n\n\t\t\t<style type='text\/css'>\n\t\t\t\t#gallery-1 {\n\t\t\t\t\tmargin: auto;\n\t\t\t\t}\n\t\t\t\t#gallery-1 .gallery-item {\n\t\t\t\t\tfloat: left;\n\t\t\t\t\tmargin-top: 10px;\n\t\t\t\t\ttext-align: center;\n\t\t\t\t\twidth: 33.33%;\n\t\t\t\t}\n\t\t\t\t#gallery-1 img {\n\t\t\t\t\tborder: 2px solid #cfcfcf;\n\t\t\t\t}\n\t\t\t\t#gallery-1 .gallery-caption {\n\t\t\t\t\tmargin-left: 0;\n\t\t\t\t}\n\t\t\t\t\/* see gallery_shortcode() in wp-includes\/media.php *\/\n\t\t\t<\/style>\n\t\t<div id='gallery-1' class='gallery galleryid-175 gallery-columns-3 gallery-size-full file masonry'><dl class='gallery-item'>\n\t\t\t\t<dt class='gallery-icon landscape'>\n\t\t\t\t\t<a href='https:\/\/armoniavip.com\/wp-content\/uploads\/2021\/10\/IM-1-Galeria-Atardeceres.jpg'><img loading=\"lazy\" decoding=\"async\" width=\"862\" height=\"574\" src=\"https:\/\/armoniavip.com\/wp-content\/uploads\/2021\/10\/IM-1-Galeria-Atardeceres.jpg\" class=\"attachment-full size-full\" alt=\"\" srcset=\"https:\/\/armoniavip.com\/wp-content\/uploads\/2021\/10\/IM-1-Galeria-Atardeceres.jpg 862w, https:\/\/armoniavip.com\/wp-content\/uploads\/2021\/10\/IM-1-Galeria-Atardeceres-300x200.jpg 300w, https:\/\/armoniavip.com\/wp-content\/uploads\/2021\/10\/IM-1-Galeria-Atardeceres-768x511.jpg 768w, https:\/\/armoniavip.com\/wp-content\/uploads\/2021\/10\/IM-1-Galeria-Atardeceres-219x146.jpg 219w, https:\/\/armoniavip.com\/wp-content\/uploads\/2021\/10\/IM-1-Galeria-Atardeceres-50x33.jpg 50w, https:\/\/armoniavip.com\/wp-content\/uploads\/2021\/10\/IM-1-Galeria-Atardeceres-113x75.jpg 113w\" sizes=\"auto, (max-width: 862px) 100vw, 862px\" \/><\/a>\n\t\t\t\t<\/dt><\/dl><dl class='gallery-item'>\n\t\t\t\t<dt class='gallery-icon landscape'>\n\t\t\t\t\t<a href='https:\/\/armoniavip.com\/wp-content\/uploads\/2021\/10\/IM-2-Galeria-Atardeceres.jpg'><img loading=\"lazy\" decoding=\"async\" width=\"862\" height=\"575\" src=\"https:\/\/armoniavip.com\/wp-content\/uploads\/2021\/10\/IM-2-Galeria-Atardeceres.jpg\" class=\"attachment-full size-full\" alt=\"\" srcset=\"https:\/\/armoniavip.com\/wp-content\/uploads\/2021\/10\/IM-2-Galeria-Atardeceres.jpg 862w, https:\/\/armoniavip.com\/wp-content\/uploads\/2021\/10\/IM-2-Galeria-Atardeceres-300x200.jpg 300w, https:\/\/armoniavip.com\/wp-content\/uploads\/2021\/10\/IM-2-Galeria-Atardeceres-768x512.jpg 768w, https:\/\/armoniavip.com\/wp-content\/uploads\/2021\/10\/IM-2-Galeria-Atardeceres-219x146.jpg 219w, https:\/\/armoniavip.com\/wp-content\/uploads\/2021\/10\/IM-2-Galeria-Atardeceres-50x33.jpg 50w, https:\/\/armoniavip.com\/wp-content\/uploads\/2021\/10\/IM-2-Galeria-Atardeceres-112x75.jpg 112w\" sizes=\"auto, (max-width: 862px) 100vw, 862px\" \/><\/a>\n\t\t\t\t<\/dt><\/dl><dl class='gallery-item'>\n\t\t\t\t<dt class='gallery-icon landscape'>\n\t\t\t\t\t<a href='https:\/\/armoniavip.com\/wp-content\/uploads\/2021\/10\/IM-3-Galeria-Atardeceres.jpg'><img loading=\"lazy\" decoding=\"async\" width=\"862\" height=\"574\" src=\"https:\/\/armoniavip.com\/wp-content\/uploads\/2021\/10\/IM-3-Galeria-Atardeceres.jpg\" class=\"attachment-full size-full\" alt=\"\" srcset=\"https:\/\/armoniavip.com\/wp-content\/uploads\/2021\/10\/IM-3-Galeria-Atardeceres.jpg 862w, https:\/\/armoniavip.com\/wp-content\/uploads\/2021\/10\/IM-3-Galeria-Atardeceres-300x200.jpg 300w, https:\/\/armoniavip.com\/wp-content\/uploads\/2021\/10\/IM-3-Galeria-Atardeceres-768x511.jpg 768w, https:\/\/armoniavip.com\/wp-content\/uploads\/2021\/10\/IM-3-Galeria-Atardeceres-219x146.jpg 219w, https:\/\/armoniavip.com\/wp-content\/uploads\/2021\/10\/IM-3-Galeria-Atardeceres-50x33.jpg 50w, https:\/\/armoniavip.com\/wp-content\/uploads\/2021\/10\/IM-3-Galeria-Atardeceres-113x75.jpg 113w\" sizes=\"auto, (max-width: 862px) 100vw, 862px\" \/><\/a>\n\t\t\t\t<\/dt><\/dl><br style=\"clear: both\" \/><dl class='gallery-item'>\n\t\t\t\t<dt class='gallery-icon landscape'>\n\t\t\t\t\t<a href='https:\/\/armoniavip.com\/wp-content\/uploads\/2021\/10\/IM-4-Galeria-Atardeceres.jpg'><img loading=\"lazy\" decoding=\"async\" width=\"862\" height=\"574\" src=\"https:\/\/armoniavip.com\/wp-content\/uploads\/2021\/10\/IM-4-Galeria-Atardeceres.jpg\" class=\"attachment-full size-full\" alt=\"\" srcset=\"https:\/\/armoniavip.com\/wp-content\/uploads\/2021\/10\/IM-4-Galeria-Atardeceres.jpg 862w, https:\/\/armoniavip.com\/wp-content\/uploads\/2021\/10\/IM-4-Galeria-Atardeceres-300x200.jpg 300w, https:\/\/armoniavip.com\/wp-content\/uploads\/2021\/10\/IM-4-Galeria-Atardeceres-768x511.jpg 768w, https:\/\/armoniavip.com\/wp-content\/uploads\/2021\/10\/IM-4-Galeria-Atardeceres-219x146.jpg 219w, https:\/\/armoniavip.com\/wp-content\/uploads\/2021\/10\/IM-4-Galeria-Atardeceres-50x33.jpg 50w, https:\/\/armoniavip.com\/wp-content\/uploads\/2021\/10\/IM-4-Galeria-Atardeceres-113x75.jpg 113w\" sizes=\"auto, (max-width: 862px) 100vw, 862px\" \/><\/a>\n\t\t\t\t<\/dt><\/dl><dl class='gallery-item'>\n\t\t\t\t<dt class='gallery-icon landscape'>\n\t\t\t\t\t<a href='https:\/\/armoniavip.com\/wp-content\/uploads\/2021\/10\/IM-6-Galeria-Atardeceres.jpg'><img loading=\"lazy\" decoding=\"async\" width=\"862\" height=\"575\" src=\"https:\/\/armoniavip.com\/wp-content\/uploads\/2021\/10\/IM-6-Galeria-Atardeceres.jpg\" class=\"attachment-full size-full\" alt=\"\" srcset=\"https:\/\/armoniavip.com\/wp-content\/uploads\/2021\/10\/IM-6-Galeria-Atardeceres.jpg 862w, https:\/\/armoniavip.com\/wp-content\/uploads\/2021\/10\/IM-6-Galeria-Atardeceres-300x200.jpg 300w, https:\/\/armoniavip.com\/wp-content\/uploads\/2021\/10\/IM-6-Galeria-Atardeceres-768x512.jpg 768w, https:\/\/armoniavip.com\/wp-content\/uploads\/2021\/10\/IM-6-Galeria-Atardeceres-219x146.jpg 219w, https:\/\/armoniavip.com\/wp-content\/uploads\/2021\/10\/IM-6-Galeria-Atardeceres-50x33.jpg 50w, https:\/\/armoniavip.com\/wp-content\/uploads\/2021\/10\/IM-6-Galeria-Atardeceres-112x75.jpg 112w\" sizes=\"auto, (max-width: 862px) 100vw, 862px\" \/><\/a>\n\t\t\t\t<\/dt><\/dl><dl class='gallery-item'>\n\t\t\t\t<dt class='gallery-icon landscape'>\n\t\t\t\t\t<a href='https:\/\/armoniavip.com\/wp-content\/uploads\/2021\/10\/IM-5-Galeria-Atardeceres.jpg'><img loading=\"lazy\" decoding=\"async\" width=\"862\" height=\"574\" src=\"https:\/\/armoniavip.com\/wp-content\/uploads\/2021\/10\/IM-5-Galeria-Atardeceres.jpg\" class=\"attachment-full size-full\" alt=\"\" srcset=\"https:\/\/armoniavip.com\/wp-content\/uploads\/2021\/10\/IM-5-Galeria-Atardeceres.jpg 862w, https:\/\/armoniavip.com\/wp-content\/uploads\/2021\/10\/IM-5-Galeria-Atardeceres-300x200.jpg 300w, https:\/\/armoniavip.com\/wp-content\/uploads\/2021\/10\/IM-5-Galeria-Atardeceres-768x511.jpg 768w, https:\/\/armoniavip.com\/wp-content\/uploads\/2021\/10\/IM-5-Galeria-Atardeceres-219x146.jpg 219w, https:\/\/armoniavip.com\/wp-content\/uploads\/2021\/10\/IM-5-Galeria-Atardeceres-50x33.jpg 50w, https:\/\/armoniavip.com\/wp-content\/uploads\/2021\/10\/IM-5-Galeria-Atardeceres-113x75.jpg 113w\" sizes=\"auto, (max-width: 862px) 100vw, 862px\" \/><\/a>\n\t\t\t\t<\/dt><\/dl><br style=\"clear: both\" \/><dl class='gallery-item'>\n\t\t\t\t<dt class='gallery-icon landscape'>\n\t\t\t\t\t<a href='https:\/\/armoniavip.com\/wp-content\/uploads\/2021\/10\/IM-7-Galeria-Atardeceres.jpg'><img loading=\"lazy\" decoding=\"async\" width=\"862\" height=\"575\" src=\"https:\/\/armoniavip.com\/wp-content\/uploads\/2021\/10\/IM-7-Galeria-Atardeceres.jpg\" class=\"attachment-full size-full\" alt=\"\" srcset=\"https:\/\/armoniavip.com\/wp-content\/uploads\/2021\/10\/IM-7-Galeria-Atardeceres.jpg 862w, https:\/\/armoniavip.com\/wp-content\/uploads\/2021\/10\/IM-7-Galeria-Atardeceres-300x200.jpg 300w, https:\/\/armoniavip.com\/wp-content\/uploads\/2021\/10\/IM-7-Galeria-Atardeceres-768x512.jpg 768w, https:\/\/armoniavip.com\/wp-content\/uploads\/2021\/10\/IM-7-Galeria-Atardeceres-219x146.jpg 219w, https:\/\/armoniavip.com\/wp-content\/uploads\/2021\/10\/IM-7-Galeria-Atardeceres-50x33.jpg 50w, https:\/\/armoniavip.com\/wp-content\/uploads\/2021\/10\/IM-7-Galeria-Atardeceres-112x75.jpg 112w\" sizes=\"auto, (max-width: 862px) 100vw, 862px\" \/><\/a>\n\t\t\t\t<\/dt><\/dl><dl class='gallery-item'>\n\t\t\t\t<dt class='gallery-icon landscape'>\n\t\t\t\t\t<a href='https:\/\/armoniavip.com\/wp-content\/uploads\/2021\/10\/IM-8-Galeria-Atardeceres.jpg'><img loading=\"lazy\" decoding=\"async\" width=\"862\" height=\"575\" src=\"https:\/\/armoniavip.com\/wp-content\/uploads\/2021\/10\/IM-8-Galeria-Atardeceres.jpg\" class=\"attachment-full size-full\" alt=\"\" srcset=\"https:\/\/armoniavip.com\/wp-content\/uploads\/2021\/10\/IM-8-Galeria-Atardeceres.jpg 862w, https:\/\/armoniavip.com\/wp-content\/uploads\/2021\/10\/IM-8-Galeria-Atardeceres-300x200.jpg 300w, https:\/\/armoniavip.com\/wp-content\/uploads\/2021\/10\/IM-8-Galeria-Atardeceres-768x512.jpg 768w, https:\/\/armoniavip.com\/wp-content\/uploads\/2021\/10\/IM-8-Galeria-Atardeceres-219x146.jpg 219w, https:\/\/armoniavip.com\/wp-content\/uploads\/2021\/10\/IM-8-Galeria-Atardeceres-50x33.jpg 50w, https:\/\/armoniavip.com\/wp-content\/uploads\/2021\/10\/IM-8-Galeria-Atardeceres-112x75.jpg 112w\" sizes=\"auto, (max-width: 862px) 100vw, 862px\" \/><\/a>\n\t\t\t\t<\/dt><\/dl><dl class='gallery-item'>\n\t\t\t\t<dt class='gallery-icon landscape'>\n\t\t\t\t\t<a href='https:\/\/armoniavip.com\/wp-content\/uploads\/2021\/10\/IM-20-Galeria-Atardeceres-1.jpg'><img loading=\"lazy\" decoding=\"async\" width=\"862\" height=\"574\" src=\"https:\/\/armoniavip.com\/wp-content\/uploads\/2021\/10\/IM-20-Galeria-Atardeceres-1.jpg\" class=\"attachment-full size-full\" alt=\"\" srcset=\"https:\/\/armoniavip.com\/wp-content\/uploads\/2021\/10\/IM-20-Galeria-Atardeceres-1.jpg 862w, https:\/\/armoniavip.com\/wp-content\/uploads\/2021\/10\/IM-20-Galeria-Atardeceres-1-300x200.jpg 300w, https:\/\/armoniavip.com\/wp-content\/uploads\/2021\/10\/IM-20-Galeria-Atardeceres-1-768x511.jpg 768w, https:\/\/armoniavip.com\/wp-content\/uploads\/2021\/10\/IM-20-Galeria-Atardeceres-1-219x146.jpg 219w, https:\/\/armoniavip.com\/wp-content\/uploads\/2021\/10\/IM-20-Galeria-Atardeceres-1-50x33.jpg 50w, https:\/\/armoniavip.com\/wp-content\/uploads\/2021\/10\/IM-20-Galeria-Atardeceres-1-113x75.jpg 113w\" sizes=\"auto, (max-width: 862px) 100vw, 862px\" \/><\/a>\n\t\t\t\t<\/dt><\/dl><br style=\"clear: both\" \/>\n\t\t\t<\/div>\n\n<p>center<\/p>\n<p>no-repeat;center top;;<\/p>\n<p>auto<\/p>\n<h3>Sede Laureles Urbano<\/h3>\n<p>no-repeat;center top;;<\/p>\n<p>auto<\/p>\n\n\t\t\t<style type='text\/css'>\n\t\t\t\t#gallery-2 {\n\t\t\t\t\tmargin: auto;\n\t\t\t\t}\n\t\t\t\t#gallery-2 .gallery-item {\n\t\t\t\t\tfloat: left;\n\t\t\t\t\tmargin-top: 10px;\n\t\t\t\t\ttext-align: center;\n\t\t\t\t\twidth: 33.33%;\n\t\t\t\t}\n\t\t\t\t#gallery-2 img {\n\t\t\t\t\tborder: 2px solid #cfcfcf;\n\t\t\t\t}\n\t\t\t\t#gallery-2 .gallery-caption {\n\t\t\t\t\tmargin-left: 0;\n\t\t\t\t}\n\t\t\t\t\/* see gallery_shortcode() in wp-includes\/media.php *\/\n\t\t\t<\/style>\n\t\t<div id='gallery-2' class='gallery galleryid-175 gallery-columns-3 gallery-size-full file masonry'><dl class='gallery-item'>\n\t\t\t\t<dt class='gallery-icon landscape'>\n\t\t\t\t\t<a href='https:\/\/armoniavip.com\/wp-content\/uploads\/2021\/10\/IM-9-Galeria-Atardeceres-1.jpg'><img loading=\"lazy\" decoding=\"async\" width=\"862\" height=\"575\" src=\"https:\/\/armoniavip.com\/wp-content\/uploads\/2021\/10\/IM-9-Galeria-Atardeceres-1.jpg\" class=\"attachment-full size-full\" alt=\"\" srcset=\"https:\/\/armoniavip.com\/wp-content\/uploads\/2021\/10\/IM-9-Galeria-Atardeceres-1.jpg 862w, https:\/\/armoniavip.com\/wp-content\/uploads\/2021\/10\/IM-9-Galeria-Atardeceres-1-300x200.jpg 300w, https:\/\/armoniavip.com\/wp-content\/uploads\/2021\/10\/IM-9-Galeria-Atardeceres-1-768x512.jpg 768w, https:\/\/armoniavip.com\/wp-content\/uploads\/2021\/10\/IM-9-Galeria-Atardeceres-1-219x146.jpg 219w, https:\/\/armoniavip.com\/wp-content\/uploads\/2021\/10\/IM-9-Galeria-Atardeceres-1-50x33.jpg 50w, https:\/\/armoniavip.com\/wp-content\/uploads\/2021\/10\/IM-9-Galeria-Atardeceres-1-112x75.jpg 112w\" sizes=\"auto, (max-width: 862px) 100vw, 862px\" \/><\/a>\n\t\t\t\t<\/dt><\/dl><dl class='gallery-item'>\n\t\t\t\t<dt class='gallery-icon landscape'>\n\t\t\t\t\t<a href='https:\/\/armoniavip.com\/wp-content\/uploads\/2021\/10\/IM-10-Galeria-Atardeceres.jpg'><img loading=\"lazy\" decoding=\"async\" width=\"862\" height=\"575\" src=\"https:\/\/armoniavip.com\/wp-content\/uploads\/2021\/10\/IM-10-Galeria-Atardeceres.jpg\" class=\"attachment-full size-full\" alt=\"\" srcset=\"https:\/\/armoniavip.com\/wp-content\/uploads\/2021\/10\/IM-10-Galeria-Atardeceres.jpg 862w, https:\/\/armoniavip.com\/wp-content\/uploads\/2021\/10\/IM-10-Galeria-Atardeceres-300x200.jpg 300w, https:\/\/armoniavip.com\/wp-content\/uploads\/2021\/10\/IM-10-Galeria-Atardeceres-768x512.jpg 768w, https:\/\/armoniavip.com\/wp-content\/uploads\/2021\/10\/IM-10-Galeria-Atardeceres-219x146.jpg 219w, https:\/\/armoniavip.com\/wp-content\/uploads\/2021\/10\/IM-10-Galeria-Atardeceres-50x33.jpg 50w, https:\/\/armoniavip.com\/wp-content\/uploads\/2021\/10\/IM-10-Galeria-Atardeceres-112x75.jpg 112w\" sizes=\"auto, (max-width: 862px) 100vw, 862px\" \/><\/a>\n\t\t\t\t<\/dt><\/dl><dl class='gallery-item'>\n\t\t\t\t<dt class='gallery-icon landscape'>\n\t\t\t\t\t<a href='https:\/\/armoniavip.com\/wp-content\/uploads\/2021\/10\/IM-22-Galeria-Atardeceres.jpg'><img loading=\"lazy\" decoding=\"async\" width=\"860\" height=\"573\" src=\"https:\/\/armoniavip.com\/wp-content\/uploads\/2021\/10\/IM-22-Galeria-Atardeceres.jpg\" class=\"attachment-full size-full\" alt=\"\" srcset=\"https:\/\/armoniavip.com\/wp-content\/uploads\/2021\/10\/IM-22-Galeria-Atardeceres.jpg 860w, https:\/\/armoniavip.com\/wp-content\/uploads\/2021\/10\/IM-22-Galeria-Atardeceres-300x200.jpg 300w, https:\/\/armoniavip.com\/wp-content\/uploads\/2021\/10\/IM-22-Galeria-Atardeceres-768x512.jpg 768w, https:\/\/armoniavip.com\/wp-content\/uploads\/2021\/10\/IM-22-Galeria-Atardeceres-219x146.jpg 219w, https:\/\/armoniavip.com\/wp-content\/uploads\/2021\/10\/IM-22-Galeria-Atardeceres-50x33.jpg 50w, https:\/\/armoniavip.com\/wp-content\/uploads\/2021\/10\/IM-22-Galeria-Atardeceres-113x75.jpg 113w\" sizes=\"auto, (max-width: 860px) 100vw, 860px\" \/><\/a>\n\t\t\t\t<\/dt><\/dl><br style=\"clear: both\" \/><dl class='gallery-item'>\n\t\t\t\t<dt class='gallery-icon landscape'>\n\t\t\t\t\t<a href='https:\/\/armoniavip.com\/wp-content\/uploads\/2021\/10\/IM-12-Galeria-Atardeceres.jpg'><img loading=\"lazy\" decoding=\"async\" width=\"862\" height=\"575\" src=\"https:\/\/armoniavip.com\/wp-content\/uploads\/2021\/10\/IM-12-Galeria-Atardeceres.jpg\" class=\"attachment-full size-full\" alt=\"\" srcset=\"https:\/\/armoniavip.com\/wp-content\/uploads\/2021\/10\/IM-12-Galeria-Atardeceres.jpg 862w, https:\/\/armoniavip.com\/wp-content\/uploads\/2021\/10\/IM-12-Galeria-Atardeceres-300x200.jpg 300w, https:\/\/armoniavip.com\/wp-content\/uploads\/2021\/10\/IM-12-Galeria-Atardeceres-768x512.jpg 768w, https:\/\/armoniavip.com\/wp-content\/uploads\/2021\/10\/IM-12-Galeria-Atardeceres-219x146.jpg 219w, https:\/\/armoniavip.com\/wp-content\/uploads\/2021\/10\/IM-12-Galeria-Atardeceres-50x33.jpg 50w, https:\/\/armoniavip.com\/wp-content\/uploads\/2021\/10\/IM-12-Galeria-Atardeceres-112x75.jpg 112w\" sizes=\"auto, (max-width: 862px) 100vw, 862px\" \/><\/a>\n\t\t\t\t<\/dt><\/dl><dl class='gallery-item'>\n\t\t\t\t<dt class='gallery-icon landscape'>\n\t\t\t\t\t<a href='https:\/\/armoniavip.com\/wp-content\/uploads\/2021\/10\/IM-11-Galeria-Atardeceres.jpg'><img loading=\"lazy\" decoding=\"async\" width=\"862\" height=\"574\" src=\"https:\/\/armoniavip.com\/wp-content\/uploads\/2021\/10\/IM-11-Galeria-Atardeceres.jpg\" class=\"attachment-full size-full\" alt=\"\" srcset=\"https:\/\/armoniavip.com\/wp-content\/uploads\/2021\/10\/IM-11-Galeria-Atardeceres.jpg 862w, https:\/\/armoniavip.com\/wp-content\/uploads\/2021\/10\/IM-11-Galeria-Atardeceres-300x200.jpg 300w, https:\/\/armoniavip.com\/wp-content\/uploads\/2021\/10\/IM-11-Galeria-Atardeceres-768x511.jpg 768w, https:\/\/armoniavip.com\/wp-content\/uploads\/2021\/10\/IM-11-Galeria-Atardeceres-219x146.jpg 219w, https:\/\/armoniavip.com\/wp-content\/uploads\/2021\/10\/IM-11-Galeria-Atardeceres-50x33.jpg 50w, https:\/\/armoniavip.com\/wp-content\/uploads\/2021\/10\/IM-11-Galeria-Atardeceres-113x75.jpg 113w\" sizes=\"auto, (max-width: 862px) 100vw, 862px\" \/><\/a>\n\t\t\t\t<\/dt><\/dl><dl class='gallery-item'>\n\t\t\t\t<dt class='gallery-icon landscape'>\n\t\t\t\t\t<a href='https:\/\/armoniavip.com\/wp-content\/uploads\/2021\/10\/IM-13-Galeria-Atardeceres.jpg'><img loading=\"lazy\" decoding=\"async\" width=\"862\" height=\"575\" src=\"https:\/\/armoniavip.com\/wp-content\/uploads\/2021\/10\/IM-13-Galeria-Atardeceres.jpg\" class=\"attachment-full size-full\" alt=\"\" srcset=\"https:\/\/armoniavip.com\/wp-content\/uploads\/2021\/10\/IM-13-Galeria-Atardeceres.jpg 862w, https:\/\/armoniavip.com\/wp-content\/uploads\/2021\/10\/IM-13-Galeria-Atardeceres-300x200.jpg 300w, https:\/\/armoniavip.com\/wp-content\/uploads\/2021\/10\/IM-13-Galeria-Atardeceres-768x512.jpg 768w, https:\/\/armoniavip.com\/wp-content\/uploads\/2021\/10\/IM-13-Galeria-Atardeceres-219x146.jpg 219w, https:\/\/armoniavip.com\/wp-content\/uploads\/2021\/10\/IM-13-Galeria-Atardeceres-50x33.jpg 50w, https:\/\/armoniavip.com\/wp-content\/uploads\/2021\/10\/IM-13-Galeria-Atardeceres-112x75.jpg 112w\" sizes=\"auto, (max-width: 862px) 100vw, 862px\" \/><\/a>\n\t\t\t\t<\/dt><\/dl><br style=\"clear: both\" \/><dl class='gallery-item'>\n\t\t\t\t<dt class='gallery-icon landscape'>\n\t\t\t\t\t<a href='https:\/\/armoniavip.com\/wp-content\/uploads\/2021\/10\/IM-14-Galeria-Atardeceres.jpg'><img loading=\"lazy\" decoding=\"async\" width=\"862\" height=\"575\" src=\"https:\/\/armoniavip.com\/wp-content\/uploads\/2021\/10\/IM-14-Galeria-Atardeceres.jpg\" class=\"attachment-full size-full\" alt=\"\" srcset=\"https:\/\/armoniavip.com\/wp-content\/uploads\/2021\/10\/IM-14-Galeria-Atardeceres.jpg 862w, https:\/\/armoniavip.com\/wp-content\/uploads\/2021\/10\/IM-14-Galeria-Atardeceres-300x200.jpg 300w, https:\/\/armoniavip.com\/wp-content\/uploads\/2021\/10\/IM-14-Galeria-Atardeceres-768x512.jpg 768w, https:\/\/armoniavip.com\/wp-content\/uploads\/2021\/10\/IM-14-Galeria-Atardeceres-219x146.jpg 219w, https:\/\/armoniavip.com\/wp-content\/uploads\/2021\/10\/IM-14-Galeria-Atardeceres-50x33.jpg 50w, https:\/\/armoniavip.com\/wp-content\/uploads\/2021\/10\/IM-14-Galeria-Atardeceres-112x75.jpg 112w\" sizes=\"auto, (max-width: 862px) 100vw, 862px\" \/><\/a>\n\t\t\t\t<\/dt><\/dl><dl class='gallery-item'>\n\t\t\t\t<dt class='gallery-icon landscape'>\n\t\t\t\t\t<a href='https:\/\/armoniavip.com\/wp-content\/uploads\/2021\/10\/IM-15-Galeria-Atardeceres.jpg'><img loading=\"lazy\" decoding=\"async\" width=\"862\" height=\"574\" src=\"https:\/\/armoniavip.com\/wp-content\/uploads\/2021\/10\/IM-15-Galeria-Atardeceres.jpg\" class=\"attachment-full size-full\" alt=\"\" srcset=\"https:\/\/armoniavip.com\/wp-content\/uploads\/2021\/10\/IM-15-Galeria-Atardeceres.jpg 862w, https:\/\/armoniavip.com\/wp-content\/uploads\/2021\/10\/IM-15-Galeria-Atardeceres-300x200.jpg 300w, https:\/\/armoniavip.com\/wp-content\/uploads\/2021\/10\/IM-15-Galeria-Atardeceres-768x511.jpg 768w, https:\/\/armoniavip.com\/wp-content\/uploads\/2021\/10\/IM-15-Galeria-Atardeceres-219x146.jpg 219w, https:\/\/armoniavip.com\/wp-content\/uploads\/2021\/10\/IM-15-Galeria-Atardeceres-50x33.jpg 50w, https:\/\/armoniavip.com\/wp-content\/uploads\/2021\/10\/IM-15-Galeria-Atardeceres-113x75.jpg 113w\" sizes=\"auto, (max-width: 862px) 100vw, 862px\" \/><\/a>\n\t\t\t\t<\/dt><\/dl><dl class='gallery-item'>\n\t\t\t\t<dt class='gallery-icon landscape'>\n\t\t\t\t\t<a href='https:\/\/armoniavip.com\/wp-content\/uploads\/2021\/10\/IM-16-Galeria-Atardeceres.jpg'><img loading=\"lazy\" decoding=\"async\" width=\"862\" height=\"575\" src=\"https:\/\/armoniavip.com\/wp-content\/uploads\/2021\/10\/IM-16-Galeria-Atardeceres.jpg\" class=\"attachment-full size-full\" alt=\"\" srcset=\"https:\/\/armoniavip.com\/wp-content\/uploads\/2021\/10\/IM-16-Galeria-Atardeceres.jpg 862w, https:\/\/armoniavip.com\/wp-content\/uploads\/2021\/10\/IM-16-Galeria-Atardeceres-300x200.jpg 300w, https:\/\/armoniavip.com\/wp-content\/uploads\/2021\/10\/IM-16-Galeria-Atardeceres-768x512.jpg 768w, https:\/\/armoniavip.com\/wp-content\/uploads\/2021\/10\/IM-16-Galeria-Atardeceres-219x146.jpg 219w, https:\/\/armoniavip.com\/wp-content\/uploads\/2021\/10\/IM-16-Galeria-Atardeceres-50x33.jpg 50w, https:\/\/armoniavip.com\/wp-content\/uploads\/2021\/10\/IM-16-Galeria-Atardeceres-112x75.jpg 112w\" sizes=\"auto, (max-width: 862px) 100vw, 862px\" \/><\/a>\n\t\t\t\t<\/dt><\/dl><br style=\"clear: both\" \/>\n\t\t\t<\/div>\n\n<p>center<\/p>\n<p>no-repeat;center top;;<\/p>\n<p>auto<\/p>\n","protected":false},"excerpt":{"rendered":"<p>Sede El Poblado Campestre no-repeat;center top;; auto center no-repeat;center top;; auto Sede Laureles Urbano no-repeat;center top;; auto center no-repeat;center top;; auto<\/p>\n","protected":false},"author":2,"featured_media":0,"parent":0,"menu_order":5,"comment_status":"closed","ping_status":"closed","template":"","meta":{"om_disable_all_campaigns":false,"_monsterinsights_skip_tracking":false,"_monsterinsights_sitenote_active":false,"_monsterinsights_sitenote_note":"","_monsterinsights_sitenote_category":0,"_uf_show_specific_survey":0,"_uf_disable_surveys":false,"footnotes":""},"class_list":["post-175","page","type-page","status-publish","hentry"],"aioseo_notices":[],"yoast_head":"<!-- This site is optimized with the Yoast SEO plugin v27.3 - https:\/\/yoast.com\/product\/yoast-seo-wordpress\/ -->\n<title>Galer\u00eda - Armon\u00eda Vip<\/title>\n<meta name=\"robots\" content=\"index, follow, max-snippet:-1, max-image-preview:large, max-video-preview:-1\" \/>\n<link rel=\"canonical\" href=\"https:\/\/armoniavip.com\/index.php\/galeria\/\" \/>\n<meta property=\"og:locale\" content=\"es_ES\" \/>\n<meta property=\"og:type\" content=\"article\" \/>\n<meta property=\"og:title\" content=\"Galer\u00eda - Armon\u00eda Vip\" \/>\n<meta property=\"og:description\" content=\"Sede El Poblado Campestre no-repeat;center top;; auto center no-repeat;center top;; auto Sede Laureles Urbano no-repeat;center top;; auto center no-repeat;center top;; auto\" \/>\n<meta property=\"og:url\" content=\"https:\/\/armoniavip.com\/index.php\/galeria\/\" \/>\n<meta property=\"og:site_name\" content=\"Armon\u00eda Vip\" \/>\n<meta property=\"article:modified_time\" content=\"2021-10-01T17:54:17+00:00\" \/>\n<meta property=\"og:image\" content=\"https:\/\/armoniavip.com\/wp-content\/uploads\/2021\/10\/IM-1-Galeria-Atardeceres.jpg\" \/>\n<meta name=\"twitter:card\" content=\"summary_large_image\" \/>\n<script type=\"application\/ld+json\" class=\"yoast-schema-graph\">{\"@context\":\"https:\\\/\\\/schema.org\",\"@graph\":[{\"@type\":\"WebPage\",\"@id\":\"https:\\\/\\\/armoniavip.com\\\/index.php\\\/galeria\\\/\",\"url\":\"https:\\\/\\\/armoniavip.com\\\/index.php\\\/galeria\\\/\",\"name\":\"Galer\u00eda - Armon\u00eda Vip\",\"isPartOf\":{\"@id\":\"https:\\\/\\\/armoniavip.com\\\/#website\"},\"datePublished\":\"2017-09-01T03:24:41+00:00\",\"dateModified\":\"2021-10-01T17:54:17+00:00\",\"breadcrumb\":{\"@id\":\"https:\\\/\\\/armoniavip.com\\\/index.php\\\/galeria\\\/#breadcrumb\"},\"inLanguage\":\"es\",\"potentialAction\":[{\"@type\":\"ReadAction\",\"target\":[\"https:\\\/\\\/armoniavip.com\\\/index.php\\\/galeria\\\/\"]}]},{\"@type\":\"BreadcrumbList\",\"@id\":\"https:\\\/\\\/armoniavip.com\\\/index.php\\\/galeria\\\/#breadcrumb\",\"itemListElement\":[{\"@type\":\"ListItem\",\"position\":1,\"name\":\"Inicio\",\"item\":\"https:\\\/\\\/armoniavip.com\\\/\"},{\"@type\":\"ListItem\",\"position\":2,\"name\":\"Galer\u00eda\"}]},{\"@type\":\"WebSite\",\"@id\":\"https:\\\/\\\/armoniavip.com\\\/#website\",\"url\":\"https:\\\/\\\/armoniavip.com\\\/\",\"name\":\"Armon\u00eda Vip\",\"description\":\"Hogares Geri\u00e1tricos en Medell\u00edn\",\"potentialAction\":[{\"@type\":\"SearchAction\",\"target\":{\"@type\":\"EntryPoint\",\"urlTemplate\":\"https:\\\/\\\/armoniavip.com\\\/?s={search_term_string}\"},\"query-input\":{\"@type\":\"PropertyValueSpecification\",\"valueRequired\":true,\"valueName\":\"search_term_string\"}}],\"inLanguage\":\"es\"}]}<\/script>\n<!-- \/ Yoast SEO plugin. -->","yoast_head_json":{"title":"Galer\u00eda - Armon\u00eda Vip","robots":{"index":"index","follow":"follow","max-snippet":"max-snippet:-1","max-image-preview":"max-image-preview:large","max-video-preview":"max-video-preview:-1"},"canonical":"https:\/\/armoniavip.com\/index.php\/galeria\/","og_locale":"es_ES","og_type":"article","og_title":"Galer\u00eda - Armon\u00eda Vip","og_description":"Sede El Poblado Campestre no-repeat;center top;; auto center no-repeat;center top;; auto Sede Laureles Urbano no-repeat;center top;; auto center no-repeat;center top;; auto","og_url":"https:\/\/armoniavip.com\/index.php\/galeria\/","og_site_name":"Armon\u00eda Vip","article_modified_time":"2021-10-01T17:54:17+00:00","og_image":[{"url":"https:\/\/armoniavip.com\/wp-content\/uploads\/2021\/10\/IM-1-Galeria-Atardeceres.jpg","type":"","width":"","height":""}],"twitter_card":"summary_large_image","schema":{"@context":"https:\/\/schema.org","@graph":[{"@type":"WebPage","@id":"https:\/\/armoniavip.com\/index.php\/galeria\/","url":"https:\/\/armoniavip.com\/index.php\/galeria\/","name":"Galer\u00eda - Armon\u00eda Vip","isPartOf":{"@id":"https:\/\/armoniavip.com\/#website"},"datePublished":"2017-09-01T03:24:41+00:00","dateModified":"2021-10-01T17:54:17+00:00","breadcrumb":{"@id":"https:\/\/armoniavip.com\/index.php\/galeria\/#breadcrumb"},"inLanguage":"es","potentialAction":[{"@type":"ReadAction","target":["https:\/\/armoniavip.com\/index.php\/galeria\/"]}]},{"@type":"BreadcrumbList","@id":"https:\/\/armoniavip.com\/index.php\/galeria\/#breadcrumb","itemListElement":[{"@type":"ListItem","position":1,"name":"Inicio","item":"https:\/\/armoniavip.com\/"},{"@type":"ListItem","position":2,"name":"Galer\u00eda"}]},{"@type":"WebSite","@id":"https:\/\/armoniavip.com\/#website","url":"https:\/\/armoniavip.com\/","name":"Armon\u00eda Vip","description":"Hogares Geri\u00e1tricos en Medell\u00edn","potentialAction":[{"@type":"SearchAction","target":{"@type":"EntryPoint","urlTemplate":"https:\/\/armoniavip.com\/?s={search_term_string}"},"query-input":{"@type":"PropertyValueSpecification","valueRequired":true,"valueName":"search_term_string"}}],"inLanguage":"es"}]}},"_links":{"self":[{"href":"https:\/\/armoniavip.com\/index.php\/wp-json\/wp\/v2\/pages\/175","targetHints":{"allow":["GET"]}}],"collection":[{"href":"https:\/\/armoniavip.com\/index.php\/wp-json\/wp\/v2\/pages"}],"about":[{"href":"https:\/\/armoniavip.com\/index.php\/wp-json\/wp\/v2\/types\/page"}],"author":[{"embeddable":true,"href":"https:\/\/armoniavip.com\/index.php\/wp-json\/wp\/v2\/users\/2"}],"replies":[{"embeddable":true,"href":"https:\/\/armoniavip.com\/index.php\/wp-json\/wp\/v2\/comments?post=175"}],"version-history":[{"count":4,"href":"https:\/\/armoniavip.com\/index.php\/wp-json\/wp\/v2\/pages\/175\/revisions"}],"predecessor-version":[{"id":303,"href":"https:\/\/armoniavip.com\/index.php\/wp-json\/wp\/v2\/pages\/175\/revisions\/303"}],"wp:attachment":[{"href":"https:\/\/armoniavip.com\/index.php\/wp-json\/wp\/v2\/media?parent=175"}],"curies":[{"name":"wp","href":"https:\/\/api.w.org\/{rel}","templated":true}]}}