{"id":23,"date":"2014-12-02T15:26:14","date_gmt":"2014-12-02T20:26:14","guid":{"rendered":"http:\/\/themes.muffingroup.com\/be\/vision\/?page_id=23"},"modified":"2021-10-01T11:30:34","modified_gmt":"2021-10-01T16:30:34","slug":"acerca-de-armonia-vip","status":"publish","type":"page","link":"https:\/\/armoniavip.com\/index.php\/acerca-de-armonia-vip\/","title":{"rendered":"Nosotros"},"content":{"rendered":"<p>Nuestra organizaci\u00f3n<\/p>\n<p><div class=\"image_frame image_item no_link scale-with-grid aligncenter no_border\" ><div class=\"image_wrapper\"><img loading=\"lazy\" decoding=\"async\" class=\"scale-with-grid\" src=\"https:\/\/armoniavip.com\/wp-content\/uploads\/2021\/10\/IM-1-Servicios-Atardeceres.png\" alt=\"IM-1-Servicios-Atardeceres\" width=\"23\" height=\"3\" \/><\/div><\/div>\n<br \/>\n<hr class=\"no_line\" style=\"margin: 0 auto 15px;\"\/>\n<\/p>\n<p class=\"big\" style=\"margin: 0px 3%;\">Armon\u00eda VIP es una empresa privada con orientaci\u00f3n social que contribuye al mejoramiento de la calidad de vida de los adultos mayores y ancianos, a trav\u00e9s del cuidado y atenci\u00f3n gerontol\u00f3gica en nuestros hogares geri\u00e1tricos.<\/p>\n<p>Fundamentamos nuestro trabajo en el conocimiento y experiencia de nuestro personal, la atenci\u00f3n individualizada, vinculaci\u00f3n con las familias y adaptabilidad de la estructura f\u00edsica para garantizar excelencia en el servicio. Nuestra labor se enmarca en los principios de \u00e9tica, dignidad por la persona y respeto por los derechos humanos, lo que redunda en beneficio de la comunidad, nuestros colaboradores, el desarrollo de la instituci\u00f3n y del sector.<\/p>\n<p>icon<\/p>\n<h2>VISI\u00d3N<\/h2>\n<p>Seremos una organizaci\u00f3n reconocida en Colombia por su modelo de gesti\u00f3n social con proyecci\u00f3n internacional y especialmente, por la capacidad de contribuir al mejoramiento de la calidad de vida de los usuarios en nuestros hogares geri\u00e1tricos.<\/p>\n<p>no-repeat;center top;;<\/p>\n<p>auto<\/p>\n<h2>MISI\u00d3N<\/h2>\n<p>Prestar servicios integrales a las personas mayores en un ambiente arm\u00f3nico, comprometidos con el adulto mayor a trav\u00e9s de la pol\u00edtica de atenci\u00f3n centrada en la persona, con procesos seguros para nuestros usuarios y empleados, siempre en busca del mejoramiento continuo.<\/p>\n<p>no-repeat;center top;;<\/p>\n<p>auto<\/p>\n<p>default<\/p>\n<p>VALORES<\/p>\n<h2>VALORES<\/h2>\n<ul style=\"float: left; width: 46%; margin-left: 4%; list-style-image: url(https:\/\/themes.muffingroup.com\/be\/vision\/wp-content\/uploads\/2014\/12\/list_style.png);\">\n<li>Atenci\u00f3n centrada en la persona<\/li>\n<li>Respeto por la persona<\/li>\n<li>Tratamiento desde la individualidad del usuario<\/li>\n<li>Responsabilidad e incondicionalidad<\/li>\n<\/ul>\n<ul style=\"float: left; width: 46%; margin-left: 4%; list-style-image: url(https:\/\/themes.muffingroup.com\/be\/vision\/wp-content\/uploads\/2014\/12\/list_style.png);\">\n<li>Amor por el trabajo con honestidad<\/li>\n<li>Responsabilidad Social<\/li>\n<li>Trabajo en equipo<\/li>\n<li>Calidad y confiabilidad en la informaci\u00f3n<\/li>\n<\/ul>\n<p>no-repeat;center top;;<\/p>\n<p>auto<\/p>\n<p>OBJETIVOS DE CALIDAD<\/p>\n<h2>OBJETIVOS DE CALIDAD<\/h2>\n<ul style=\"float: left; width: 46%; margin-left: 4%; list-style-image: url(https:\/\/themes.muffingroup.com\/be\/vision\/wp-content\/uploads\/2014\/12\/list_style.png);\">\n<li>Aplicaci\u00f3n de la pol\u00edtica de atenci\u00f3n centrada en la persona.<\/li>\n<li>Mejoramiento continuo para certificaci\u00f3n en norma de calidad ISO 9001.<\/li>\n<\/ul>\n<ul style=\"float: left; width: 46%; margin-left: 4%; list-style-image: url(https:\/\/themes.muffingroup.com\/be\/vision\/wp-content\/uploads\/2014\/12\/list_style.png);\">\n<li>Crecimiento de la instituci\u00f3n.<\/li>\n<li>Desarrollo del talento humano.<\/li>\n<li>Procesos confiables y de calidad.<\/li>\n<\/ul>\n<p>no-repeat;center top;;<\/p>\n<p>auto<\/p>\n<h3 style=\"margin: 0;\">Nuestras Sedes<\/h3>\n<h4>Calidad de vida&#8230; Nuestra raz\u00f3n de ser<\/h4>\n<p>center<\/p>\n<p>no-repeat;center top;;<\/p>\n<p>auto<\/p>\n<p>default<\/p>\n<h4><b>Sede El Poblado<\/b> &#8211; Cra 31 #8-40<\/h4>\n<p><hr class=\"no_line\" style=\"margin: 0 auto 15px;\"\/>\n<br \/>\n<a href=\"https:\/\/www.armoniavip.com\/sedes\/#poblado\"><image src=\"https:\/\/armoniavip.com\/wp-content\/uploads\/2021\/10\/IM-12-Nosotros-Atardeceres.jpg\" align=\"center\" border=\"0\"><\/a><\/p>\n<p>center<\/p>\n<p>no-repeat;center top;;<\/p>\n<p>auto<\/p>\n<h4><b>Sede Laureles<\/b> &#8211; Circular 73 # 39-32<\/h4>\n<p><hr class=\"no_line\" style=\"margin: 0 auto 15px;\"\/>\n<br \/>\n<a href=\"https:\/\/www.armoniavip.com\/sedes\/#laureles\"><div class=\"image_frame image_item no_link scale-with-grid aligncenter no_border\" ><div class=\"image_wrapper\"><img decoding=\"async\" class=\"scale-with-grid\" src=\"https:\/\/www.armoniavip.com\/wp-content\/uploads\/2014\/12\/IM-1-Nosotros-Atardeceres.png\" alt=\"\"   \/><\/div><\/div>\n<\/a><\/p>\n<p>center<\/p>\n<p>no-repeat;center top;;<\/p>\n<p>auto<\/p>\n<p>Sus seres queridos en buenas manos&#8230;.<\/p>\n<h3 style=\"margin: 0; font-weight: 400;\">Sus seres queridos en buenas manos&#8230;.<\/h3>\n<p>center<\/p>\n<p>no-repeat;center top;;<\/p>\n<p>auto<\/p>\n","protected":false},"excerpt":{"rendered":"<p>Nuestra organizaci\u00f3n Armon\u00eda VIP es una empresa privada con orientaci\u00f3n social que contribuye al mejoramiento de la calidad de vida de los adultos mayores y ancianos,<span class=\"excerpt-hellip\"> [\u2026]<\/span><\/p>\n","protected":false},"author":2,"featured_media":0,"parent":0,"menu_order":2,"comment_status":"closed","ping_status":"closed","template":"","meta":{"om_disable_all_campaigns":false,"_monsterinsights_skip_tracking":false,"_monsterinsights_sitenote_active":false,"_monsterinsights_sitenote_note":"","_monsterinsights_sitenote_category":0,"_uf_show_specific_survey":0,"_uf_disable_surveys":false,"footnotes":""},"class_list":["post-23","page","type-page","status-publish","hentry"],"aioseo_notices":[],"yoast_head":"<!-- This site is optimized with the Yoast SEO plugin v27.4 - https:\/\/yoast.com\/product\/yoast-seo-wordpress\/ -->\n<title>Nosotros | Armon\u00eda VIP | Hogares Geri\u00e1tricos en Medell\u00edn<\/title>\n<meta name=\"description\" content=\"Armon\u00eda VIP Hogares geri\u00e1tricos es una empresa privada con orientaci\u00f3n social que contribuye al mejoramiento de la calidad de vida de los adultos mayores y ancianos, a trav\u00e9s del cuidado y atenci\u00f3n gerontol\u00f3gica.\" \/>\n<meta name=\"robots\" content=\"index, follow, max-snippet:-1, max-image-preview:large, max-video-preview:-1\" \/>\n<link rel=\"canonical\" href=\"https:\/\/armoniavip.com\/index.php\/acerca-de-armonia-vip\/\" \/>\n<meta property=\"og:locale\" content=\"es_ES\" \/>\n<meta property=\"og:type\" content=\"article\" \/>\n<meta property=\"og:title\" content=\"Nosotros | Armon\u00eda VIP | Hogares Geri\u00e1tricos en Medell\u00edn\" \/>\n<meta property=\"og:description\" content=\"Armon\u00eda VIP Hogares geri\u00e1tricos es una empresa privada con orientaci\u00f3n social que contribuye al mejoramiento de la calidad de vida de los adultos mayores y ancianos, a trav\u00e9s del cuidado y atenci\u00f3n gerontol\u00f3gica.\" \/>\n<meta property=\"og:url\" content=\"https:\/\/armoniavip.com\/index.php\/acerca-de-armonia-vip\/\" \/>\n<meta property=\"og:site_name\" content=\"Armon\u00eda Vip\" \/>\n<meta property=\"article:modified_time\" content=\"2021-10-01T16:30:34+00:00\" \/>\n<meta name=\"twitter:card\" content=\"summary_large_image\" \/>\n<meta name=\"twitter:label1\" content=\"Tiempo de lectura\" \/>\n\t<meta name=\"twitter:data1\" content=\"2 minutos\" \/>\n<script type=\"application\/ld+json\" class=\"yoast-schema-graph\">{\"@context\":\"https:\\\/\\\/schema.org\",\"@graph\":[{\"@type\":\"WebPage\",\"@id\":\"https:\\\/\\\/armoniavip.com\\\/index.php\\\/acerca-de-armonia-vip\\\/\",\"url\":\"https:\\\/\\\/armoniavip.com\\\/index.php\\\/acerca-de-armonia-vip\\\/\",\"name\":\"Nosotros | Armon\u00eda VIP | Hogares Geri\u00e1tricos en Medell\u00edn\",\"isPartOf\":{\"@id\":\"https:\\\/\\\/armoniavip.com\\\/#website\"},\"datePublished\":\"2014-12-02T20:26:14+00:00\",\"dateModified\":\"2021-10-01T16:30:34+00:00\",\"description\":\"Armon\u00eda VIP Hogares geri\u00e1tricos es una empresa privada con orientaci\u00f3n social que contribuye al mejoramiento de la calidad de vida de los adultos mayores y ancianos, a trav\u00e9s del cuidado y atenci\u00f3n gerontol\u00f3gica.\",\"breadcrumb\":{\"@id\":\"https:\\\/\\\/armoniavip.com\\\/index.php\\\/acerca-de-armonia-vip\\\/#breadcrumb\"},\"inLanguage\":\"es\",\"potentialAction\":[{\"@type\":\"ReadAction\",\"target\":[\"https:\\\/\\\/armoniavip.com\\\/index.php\\\/acerca-de-armonia-vip\\\/\"]}]},{\"@type\":\"BreadcrumbList\",\"@id\":\"https:\\\/\\\/armoniavip.com\\\/index.php\\\/acerca-de-armonia-vip\\\/#breadcrumb\",\"itemListElement\":[{\"@type\":\"ListItem\",\"position\":1,\"name\":\"Inicio\",\"item\":\"https:\\\/\\\/armoniavip.com\\\/\"},{\"@type\":\"ListItem\",\"position\":2,\"name\":\"Nosotros\"}]},{\"@type\":\"WebSite\",\"@id\":\"https:\\\/\\\/armoniavip.com\\\/#website\",\"url\":\"https:\\\/\\\/armoniavip.com\\\/\",\"name\":\"Armon\u00eda Vip\",\"description\":\"Hogares Geri\u00e1tricos en Medell\u00edn\",\"potentialAction\":[{\"@type\":\"SearchAction\",\"target\":{\"@type\":\"EntryPoint\",\"urlTemplate\":\"https:\\\/\\\/armoniavip.com\\\/?s={search_term_string}\"},\"query-input\":{\"@type\":\"PropertyValueSpecification\",\"valueRequired\":true,\"valueName\":\"search_term_string\"}}],\"inLanguage\":\"es\"}]}<\/script>\n<!-- \/ Yoast SEO plugin. -->","yoast_head_json":{"title":"Nosotros | Armon\u00eda VIP | Hogares Geri\u00e1tricos en Medell\u00edn","description":"Armon\u00eda VIP Hogares geri\u00e1tricos es una empresa privada con orientaci\u00f3n social que contribuye al mejoramiento de la calidad de vida de los adultos mayores y ancianos, a trav\u00e9s del cuidado y atenci\u00f3n gerontol\u00f3gica.","robots":{"index":"index","follow":"follow","max-snippet":"max-snippet:-1","max-image-preview":"max-image-preview:large","max-video-preview":"max-video-preview:-1"},"canonical":"https:\/\/armoniavip.com\/index.php\/acerca-de-armonia-vip\/","og_locale":"es_ES","og_type":"article","og_title":"Nosotros | Armon\u00eda VIP | Hogares Geri\u00e1tricos en Medell\u00edn","og_description":"Armon\u00eda VIP Hogares geri\u00e1tricos es una empresa privada con orientaci\u00f3n social que contribuye al mejoramiento de la calidad de vida de los adultos mayores y ancianos, a trav\u00e9s del cuidado y atenci\u00f3n gerontol\u00f3gica.","og_url":"https:\/\/armoniavip.com\/index.php\/acerca-de-armonia-vip\/","og_site_name":"Armon\u00eda Vip","article_modified_time":"2021-10-01T16:30:34+00:00","twitter_card":"summary_large_image","twitter_misc":{"Tiempo de lectura":"2 minutos"},"schema":{"@context":"https:\/\/schema.org","@graph":[{"@type":"WebPage","@id":"https:\/\/armoniavip.com\/index.php\/acerca-de-armonia-vip\/","url":"https:\/\/armoniavip.com\/index.php\/acerca-de-armonia-vip\/","name":"Nosotros | Armon\u00eda VIP | Hogares Geri\u00e1tricos en Medell\u00edn","isPartOf":{"@id":"https:\/\/armoniavip.com\/#website"},"datePublished":"2014-12-02T20:26:14+00:00","dateModified":"2021-10-01T16:30:34+00:00","description":"Armon\u00eda VIP Hogares geri\u00e1tricos es una empresa privada con orientaci\u00f3n social que contribuye al mejoramiento de la calidad de vida de los adultos mayores y ancianos, a trav\u00e9s del cuidado y atenci\u00f3n gerontol\u00f3gica.","breadcrumb":{"@id":"https:\/\/armoniavip.com\/index.php\/acerca-de-armonia-vip\/#breadcrumb"},"inLanguage":"es","potentialAction":[{"@type":"ReadAction","target":["https:\/\/armoniavip.com\/index.php\/acerca-de-armonia-vip\/"]}]},{"@type":"BreadcrumbList","@id":"https:\/\/armoniavip.com\/index.php\/acerca-de-armonia-vip\/#breadcrumb","itemListElement":[{"@type":"ListItem","position":1,"name":"Inicio","item":"https:\/\/armoniavip.com\/"},{"@type":"ListItem","position":2,"name":"Nosotros"}]},{"@type":"WebSite","@id":"https:\/\/armoniavip.com\/#website","url":"https:\/\/armoniavip.com\/","name":"Armon\u00eda Vip","description":"Hogares Geri\u00e1tricos en Medell\u00edn","potentialAction":[{"@type":"SearchAction","target":{"@type":"EntryPoint","urlTemplate":"https:\/\/armoniavip.com\/?s={search_term_string}"},"query-input":{"@type":"PropertyValueSpecification","valueRequired":true,"valueName":"search_term_string"}}],"inLanguage":"es"}]}},"_links":{"self":[{"href":"https:\/\/armoniavip.com\/index.php\/wp-json\/wp\/v2\/pages\/23","targetHints":{"allow":["GET"]}}],"collection":[{"href":"https:\/\/armoniavip.com\/index.php\/wp-json\/wp\/v2\/pages"}],"about":[{"href":"https:\/\/armoniavip.com\/index.php\/wp-json\/wp\/v2\/types\/page"}],"author":[{"embeddable":true,"href":"https:\/\/armoniavip.com\/index.php\/wp-json\/wp\/v2\/users\/2"}],"replies":[{"embeddable":true,"href":"https:\/\/armoniavip.com\/index.php\/wp-json\/wp\/v2\/comments?post=23"}],"version-history":[{"count":3,"href":"https:\/\/armoniavip.com\/index.php\/wp-json\/wp\/v2\/pages\/23\/revisions"}],"predecessor-version":[{"id":330,"href":"https:\/\/armoniavip.com\/index.php\/wp-json\/wp\/v2\/pages\/23\/revisions\/330"}],"wp:attachment":[{"href":"https:\/\/armoniavip.com\/index.php\/wp-json\/wp\/v2\/media?parent=23"}],"curies":[{"name":"wp","href":"https:\/\/api.w.org\/{rel}","templated":true}]}}