{"id":25,"date":"2014-12-02T15:26:37","date_gmt":"2014-12-02T20:26:37","guid":{"rendered":"http:\/\/themes.muffingroup.com\/be\/vision\/?page_id=25"},"modified":"2021-10-01T12:44:08","modified_gmt":"2021-10-01T17:44:08","slug":"servicios","status":"publish","type":"page","link":"https:\/\/armoniavip.com\/index.php\/servicios\/","title":{"rendered":"Servicios"},"content":{"rendered":"<p>Atenci\u00f3n centrada en la persona&#8230; <\/br>Nuestra raz\u00f3n de ser<\/p>\n<p><div class=\"image_frame image_item no_link scale-with-grid aligncenter no_border\" ><div class=\"image_wrapper\"><img loading=\"lazy\" decoding=\"async\" class=\"scale-with-grid\" src=\"https:\/\/armoniavip.com\/wp-content\/uploads\/2021\/10\/IM-1-Servicios-Atardeceres.png\" alt=\"IM-1-Servicios-Atardeceres\" width=\"23\" height=\"3\" \/><\/div><\/div>\n<br \/>\n<hr class=\"no_line\" style=\"margin: 0 auto 15px;\"\/>\n<\/p>\n<p class=\"big\" style=\"margin: 0px 3%;\">Buscamos la calidad de vida y el bienestar de la persona, poniendo especial inter\u00e9s en garantizar una atenci\u00f3n individualizada.<\/p>\n<p>icon<\/p>\n<p><img decoding=\"async\" src=\"https:\/\/armoniavip.com\/wp-content\/uploads\/2021\/10\/IM-14-Landing-Atardeceres-1.jpg\" alt=\"IM-14-Landing-Atardeceres\"\/><\/p>\n<p>Alojamiento<\/p>\n<h4 style=\"margin-top: 10px;\">Alojamiento<\/h4>\n<p>C\u00f3modas alcobas adaptadas a las necesidades de las personas mayores. Disponemos de alcobas tipo suite, especiales  y est\u00e1ndar.<\/p>\n<p>no-repeat;center top;;<\/p>\n<p>auto<\/p>\n<p><img decoding=\"async\" src=\"https:\/\/armoniavip.com\/wp-content\/uploads\/2021\/10\/IM-7-Landing-Atardeceres-1.jpg\" alt=\"IM-7-Landing-Atardeceres\"\/><\/p>\n<p>Alimentaci\u00f3n<\/p>\n<h4 style=\"margin-top: 10px;\">Alimentaci\u00f3n<\/h4>\n<p>Alimentaci\u00f3n balanceada, de acuerdo al plan alimenticio personalizado. estructurado seg\u00fan las preferencias y el estado de salud de cada persona mayor.<\/p>\n<p>no-repeat;center top;;<\/p>\n<p>auto<\/p>\n<p>default<\/p>\n<p><img decoding=\"async\" src=\"https:\/\/armoniavip.com\/wp-content\/uploads\/2021\/10\/IM-8-Landing-Atardeceres-1.jpg\" alt=\"IM-8-Landing-Atardeceres\"\/><\/p>\n<p>Supervisi\u00f3n medicinas<\/p>\n<h4 style=\"margin-top: 10px;\">Supervisi\u00f3n medicinas<\/h4>\n<p> Control y suministro de medicamentos, de acuerdo a los requerimiento m\u00e9dicos prescritos para cada paciente.<\/p>\n<p>no-repeat;center top;;<\/p>\n<p>auto<\/p>\n<p><img decoding=\"async\" src=\"https:\/\/armoniavip.com\/wp-content\/uploads\/2021\/10\/IM-10-Landing-Atardeceres-1.jpg\" alt=\"IM-10-Landing-Atardeceres\"\/><\/p>\n<p>Enfermer\u00eda<\/p>\n<h4 style=\"margin-top: 10px;\">Enfermer\u00eda<\/h4>\n<p>Atenci\u00f3n de enfermer\u00eda 24 horas, atendido por personal con experiencia, calidad humana y carisma. <\/p>\n<p>no-repeat;center top;;<\/p>\n<p>auto<\/p>\n<p>default<\/p>\n<p><img decoding=\"async\" src=\"https:\/\/armoniavip.com\/wp-content\/uploads\/2021\/10\/IM-11-Landing-Atardeceres-1.jpg\" alt=\"IM-11-Landing-Atardeceres\"\/><\/p>\n<p>Terapia F\u00edsica<\/p>\n<h4 style=\"margin-top: 10px;\">Terapia F\u00edsica<\/h4>\n<p>Atendido por fisioterapeuta. Tratamientos de rehabilitaci\u00f3n, mantenimiento, terapias f\u00edsicas individuales y grupales.<\/p>\n<p>no-repeat;center top;;<\/p>\n<p>auto<\/p>\n<p><img decoding=\"async\" src=\"https:\/\/armoniavip.com\/wp-content\/uploads\/2021\/10\/IM-9-Landing-Atardeceres-1.jpg\" alt=\"IM-9-Landing-Atardeceres\"\/><\/p>\n<p>Terapia Ocupacional<\/p>\n<h4 style=\"margin-top: 10px;\">Terapia Ocupacional<\/h4>\n<p>Brindamos constantemente cursos y talleres para la participaci\u00f3n activa de las personas mayores, de acuerdo a sus capacidades, estimulando el desarrollo psicomotriz y sensorial.<\/p>\n<p>no-repeat;center top;;<\/p>\n<p>auto<\/p>\n<p>default<\/p>\n<p><img decoding=\"async\" src=\"https:\/\/armoniavip.com\/wp-content\/uploads\/2021\/10\/IM-12-Landing-Atardeceres-1.jpg\" alt=\"IM-12-Landing-Atardeceres\"\/><\/p>\n<p>Glaucoma surgery<\/p>\n<h4 style=\"margin-top: 10px;\">Recreaci\u00f3n dirigida<\/h4>\n<p>Actividades recreativas dirigidas, en espacios adecuados, procurando siempre el bienestar y la alegr\u00eda de los adultos mayores.<\/p>\n<p>no-repeat;center top;;<\/p>\n<p>auto<\/p>\n<p><img decoding=\"async\" src=\"https:\/\/armoniavip.com\/wp-content\/uploads\/2021\/10\/IM-13-Landing-Atardeceres-1.jpg\" alt=\"IM-13-Landing-Atardeceres\"\/><\/p>\n<p>Cataract treatment<\/p>\n<h4 style=\"margin-top: 10px;\">Atenci\u00f3n espiritual<\/h4>\n<p>Acompa\u00f1amiento espiritual por parte de nuestro personal y apoyo religioso, de acuerdo a la preferencia del adulto mayor.<\/p>\n<p>no-repeat;center top;;<\/p>\n<p>auto<\/p>\n<p>Sus seres queridos en buenas manos&#8230;.<\/p>\n<h3 style=\"margin: 0; font-weight: 400;\">Sus seres queridos en buenas manos&#8230;.<\/h3>\n<p>center<\/p>\n<p>no-repeat;center top;;<\/p>\n<p>auto<\/p>\n","protected":false},"excerpt":{"rendered":"<p>Atenci\u00f3n centrada en la persona&#8230; Nuestra raz\u00f3n de ser Buscamos la calidad de vida y el bienestar de la persona, poniendo especial inter\u00e9s en garantizar una<span class=\"excerpt-hellip\"> [\u2026]<\/span><\/p>\n","protected":false},"author":2,"featured_media":0,"parent":0,"menu_order":4,"comment_status":"closed","ping_status":"closed","template":"","meta":{"om_disable_all_campaigns":false,"_monsterinsights_skip_tracking":false,"_monsterinsights_sitenote_active":false,"_monsterinsights_sitenote_note":"","_monsterinsights_sitenote_category":0,"_uf_show_specific_survey":0,"_uf_disable_surveys":false,"footnotes":""},"class_list":["post-25","page","type-page","status-publish","hentry"],"aioseo_notices":[],"yoast_head":"<!-- This site is optimized with the Yoast SEO plugin v27.4 - https:\/\/yoast.com\/product\/yoast-seo-wordpress\/ -->\n<title>Servicios - Armon\u00eda Vip<\/title>\n<meta name=\"robots\" content=\"index, follow, max-snippet:-1, max-image-preview:large, max-video-preview:-1\" \/>\n<link rel=\"canonical\" href=\"https:\/\/armoniavip.com\/index.php\/servicios\/\" \/>\n<meta property=\"og:locale\" content=\"es_ES\" \/>\n<meta property=\"og:type\" content=\"article\" \/>\n<meta property=\"og:title\" content=\"Servicios - Armon\u00eda Vip\" \/>\n<meta property=\"og:description\" content=\"Atenci\u00f3n centrada en la persona&#8230; Nuestra raz\u00f3n de ser Buscamos la calidad de vida y el bienestar de la persona, poniendo especial inter\u00e9s en garantizar una [\u2026]\" \/>\n<meta property=\"og:url\" content=\"https:\/\/armoniavip.com\/index.php\/servicios\/\" \/>\n<meta property=\"og:site_name\" content=\"Armon\u00eda Vip\" \/>\n<meta property=\"article:modified_time\" content=\"2021-10-01T17:44:08+00:00\" \/>\n<meta property=\"og:image\" content=\"https:\/\/armoniavip.com\/wp-content\/uploads\/2021\/10\/IM-14-Landing-Atardeceres-1.jpg\" \/>\n<meta name=\"twitter:card\" content=\"summary_large_image\" \/>\n<meta name=\"twitter:label1\" content=\"Tiempo de lectura\" \/>\n\t<meta name=\"twitter:data1\" content=\"1 minuto\" \/>\n<script type=\"application\/ld+json\" class=\"yoast-schema-graph\">{\"@context\":\"https:\\\/\\\/schema.org\",\"@graph\":[{\"@type\":\"WebPage\",\"@id\":\"https:\\\/\\\/armoniavip.com\\\/index.php\\\/servicios\\\/\",\"url\":\"https:\\\/\\\/armoniavip.com\\\/index.php\\\/servicios\\\/\",\"name\":\"Servicios - Armon\u00eda Vip\",\"isPartOf\":{\"@id\":\"https:\\\/\\\/armoniavip.com\\\/#website\"},\"primaryImageOfPage\":{\"@id\":\"https:\\\/\\\/armoniavip.com\\\/index.php\\\/servicios\\\/#primaryimage\"},\"image\":{\"@id\":\"https:\\\/\\\/armoniavip.com\\\/index.php\\\/servicios\\\/#primaryimage\"},\"thumbnailUrl\":\"https:\\\/\\\/armoniavip.com\\\/wp-content\\\/uploads\\\/2021\\\/10\\\/IM-14-Landing-Atardeceres-1.jpg\",\"datePublished\":\"2014-12-02T20:26:37+00:00\",\"dateModified\":\"2021-10-01T17:44:08+00:00\",\"breadcrumb\":{\"@id\":\"https:\\\/\\\/armoniavip.com\\\/index.php\\\/servicios\\\/#breadcrumb\"},\"inLanguage\":\"es\",\"potentialAction\":[{\"@type\":\"ReadAction\",\"target\":[\"https:\\\/\\\/armoniavip.com\\\/index.php\\\/servicios\\\/\"]}]},{\"@type\":\"ImageObject\",\"inLanguage\":\"es\",\"@id\":\"https:\\\/\\\/armoniavip.com\\\/index.php\\\/servicios\\\/#primaryimage\",\"url\":\"https:\\\/\\\/armoniavip.com\\\/wp-content\\\/uploads\\\/2021\\\/10\\\/IM-14-Landing-Atardeceres-1.jpg\",\"contentUrl\":\"https:\\\/\\\/armoniavip.com\\\/wp-content\\\/uploads\\\/2021\\\/10\\\/IM-14-Landing-Atardeceres-1.jpg\",\"width\":380,\"height\":260},{\"@type\":\"BreadcrumbList\",\"@id\":\"https:\\\/\\\/armoniavip.com\\\/index.php\\\/servicios\\\/#breadcrumb\",\"itemListElement\":[{\"@type\":\"ListItem\",\"position\":1,\"name\":\"Inicio\",\"item\":\"https:\\\/\\\/armoniavip.com\\\/\"},{\"@type\":\"ListItem\",\"position\":2,\"name\":\"Servicios\"}]},{\"@type\":\"WebSite\",\"@id\":\"https:\\\/\\\/armoniavip.com\\\/#website\",\"url\":\"https:\\\/\\\/armoniavip.com\\\/\",\"name\":\"Armon\u00eda Vip\",\"description\":\"Hogares Geri\u00e1tricos en Medell\u00edn\",\"potentialAction\":[{\"@type\":\"SearchAction\",\"target\":{\"@type\":\"EntryPoint\",\"urlTemplate\":\"https:\\\/\\\/armoniavip.com\\\/?s={search_term_string}\"},\"query-input\":{\"@type\":\"PropertyValueSpecification\",\"valueRequired\":true,\"valueName\":\"search_term_string\"}}],\"inLanguage\":\"es\"}]}<\/script>\n<!-- \/ Yoast SEO plugin. -->","yoast_head_json":{"title":"Servicios - Armon\u00eda Vip","robots":{"index":"index","follow":"follow","max-snippet":"max-snippet:-1","max-image-preview":"max-image-preview:large","max-video-preview":"max-video-preview:-1"},"canonical":"https:\/\/armoniavip.com\/index.php\/servicios\/","og_locale":"es_ES","og_type":"article","og_title":"Servicios - Armon\u00eda Vip","og_description":"Atenci\u00f3n centrada en la persona&#8230; Nuestra raz\u00f3n de ser Buscamos la calidad de vida y el bienestar de la persona, poniendo especial inter\u00e9s en garantizar una [\u2026]","og_url":"https:\/\/armoniavip.com\/index.php\/servicios\/","og_site_name":"Armon\u00eda Vip","article_modified_time":"2021-10-01T17:44:08+00:00","og_image":[{"url":"https:\/\/armoniavip.com\/wp-content\/uploads\/2021\/10\/IM-14-Landing-Atardeceres-1.jpg","type":"","width":"","height":""}],"twitter_card":"summary_large_image","twitter_misc":{"Tiempo de lectura":"1 minuto"},"schema":{"@context":"https:\/\/schema.org","@graph":[{"@type":"WebPage","@id":"https:\/\/armoniavip.com\/index.php\/servicios\/","url":"https:\/\/armoniavip.com\/index.php\/servicios\/","name":"Servicios - Armon\u00eda Vip","isPartOf":{"@id":"https:\/\/armoniavip.com\/#website"},"primaryImageOfPage":{"@id":"https:\/\/armoniavip.com\/index.php\/servicios\/#primaryimage"},"image":{"@id":"https:\/\/armoniavip.com\/index.php\/servicios\/#primaryimage"},"thumbnailUrl":"https:\/\/armoniavip.com\/wp-content\/uploads\/2021\/10\/IM-14-Landing-Atardeceres-1.jpg","datePublished":"2014-12-02T20:26:37+00:00","dateModified":"2021-10-01T17:44:08+00:00","breadcrumb":{"@id":"https:\/\/armoniavip.com\/index.php\/servicios\/#breadcrumb"},"inLanguage":"es","potentialAction":[{"@type":"ReadAction","target":["https:\/\/armoniavip.com\/index.php\/servicios\/"]}]},{"@type":"ImageObject","inLanguage":"es","@id":"https:\/\/armoniavip.com\/index.php\/servicios\/#primaryimage","url":"https:\/\/armoniavip.com\/wp-content\/uploads\/2021\/10\/IM-14-Landing-Atardeceres-1.jpg","contentUrl":"https:\/\/armoniavip.com\/wp-content\/uploads\/2021\/10\/IM-14-Landing-Atardeceres-1.jpg","width":380,"height":260},{"@type":"BreadcrumbList","@id":"https:\/\/armoniavip.com\/index.php\/servicios\/#breadcrumb","itemListElement":[{"@type":"ListItem","position":1,"name":"Inicio","item":"https:\/\/armoniavip.com\/"},{"@type":"ListItem","position":2,"name":"Servicios"}]},{"@type":"WebSite","@id":"https:\/\/armoniavip.com\/#website","url":"https:\/\/armoniavip.com\/","name":"Armon\u00eda Vip","description":"Hogares Geri\u00e1tricos en Medell\u00edn","potentialAction":[{"@type":"SearchAction","target":{"@type":"EntryPoint","urlTemplate":"https:\/\/armoniavip.com\/?s={search_term_string}"},"query-input":{"@type":"PropertyValueSpecification","valueRequired":true,"valueName":"search_term_string"}}],"inLanguage":"es"}]}},"_links":{"self":[{"href":"https:\/\/armoniavip.com\/index.php\/wp-json\/wp\/v2\/pages\/25","targetHints":{"allow":["GET"]}}],"collection":[{"href":"https:\/\/armoniavip.com\/index.php\/wp-json\/wp\/v2\/pages"}],"about":[{"href":"https:\/\/armoniavip.com\/index.php\/wp-json\/wp\/v2\/types\/page"}],"author":[{"embeddable":true,"href":"https:\/\/armoniavip.com\/index.php\/wp-json\/wp\/v2\/users\/2"}],"replies":[{"embeddable":true,"href":"https:\/\/armoniavip.com\/index.php\/wp-json\/wp\/v2\/comments?post=25"}],"version-history":[{"count":2,"href":"https:\/\/armoniavip.com\/index.php\/wp-json\/wp\/v2\/pages\/25\/revisions"}],"predecessor-version":[{"id":280,"href":"https:\/\/armoniavip.com\/index.php\/wp-json\/wp\/v2\/pages\/25\/revisions\/280"}],"wp:attachment":[{"href":"https:\/\/armoniavip.com\/index.php\/wp-json\/wp\/v2\/media?parent=25"}],"curies":[{"name":"wp","href":"https:\/\/api.w.org\/{rel}","templated":true}]}}