{"id":29,"date":"2014-12-02T15:27:24","date_gmt":"2014-12-02T20:27:24","guid":{"rendered":"http:\/\/themes.muffingroup.com\/be\/vision\/?page_id=29"},"modified":"2021-10-01T12:58:03","modified_gmt":"2021-10-01T17:58:03","slug":"contactenos","status":"publish","type":"page","link":"https:\/\/armoniavip.com\/index.php\/contactenos\/","title":{"rendered":"Cont\u00e1ctenos"},"content":{"rendered":"<p>Su contacto es importante para nosotros<\/p>\n<p><div class=\"image_frame image_item no_link scale-with-grid aligncenter no_border\" ><div class=\"image_wrapper\"><img loading=\"lazy\" decoding=\"async\" class=\"scale-with-grid\" src=\"https:\/\/armoniavip.com\/wp-content\/uploads\/2021\/10\/IM-1-Servicios-Atardeceres.png\" alt=\"IM-1-Servicios-Atardeceres\" width=\"23\" height=\"3\" \/><\/div><\/div>\n<br \/>\n<hr class=\"no_line\" style=\"margin: 0 auto 15px;\"\/>\n<\/p>\n<p class=\"big\" style=\"margin: 0px 3%;\">Elegir una residencia para nuestras personas mayores es importante para cualquier familia. En Hogares Geri\u00e1tricos  <b>Armon\u00eda VIP<\/B> somos conscientes de ello y desde nuestros or\u00edgenes hemos buscado en todo momento hacer de nuestros centros, lugares para vivir en los que ofrecer la mejor atenci\u00f3n y tambi\u00e9n el cari\u00f1o que necesitan en cada momento.<\/p>\n<p>Nuestro objetivo es lograr la confianza y satisfacci\u00f3n de nuestros usuarios, para lo que ofrecemos un completo portafolio de servicios, la existencia de un modelo asistencial com\u00fan en nuestros centros, edificios c\u00e1lidos y confortables en los que sentirse como en casa y, sobre todo, el buen hacer y la dedicaci\u00f3n de un amplio equipo de profesionales dedicados en mejorar el bienestar y la calidad de vida de nuestras personas mayores.<\/p>\n<p>icon<\/p>\n<p>6.242942<\/p>\n<p>-75.594159<\/p>\n<p>12<\/p>\n<p>400<\/p>\n<p>ROADMAP<\/p>\n<p>https:\/\/armoniavip.com\/wp-content\/uploads\/2021\/10\/IM-6-Icono-mapa-Atardeceres.png<\/p>\n<p>[<br \/>\n\u3000{<br \/>\n\u3000\u3000\u00bbstylers\u00bb: [<br \/>\n\u3000\u3000\u3000{ \u00abhue\u00bb: \u00ab#00ccff\u00bb },<br \/>\n\u3000\u3000\u3000{ \u00absaturation\u00bb: -21 },<br \/>\n\u3000\u3000\u3000{ \u00abvisibility\u00bb: \u00absimplified\u00bb }<br \/>\n\u3000\u3000]<br \/>\n\u3000},{<br \/>\n\u3000\u3000\u00bbfeatureType\u00bb: \u00abwater\u00bb,<br \/>\n\u3000\u3000\u00bbstylers\u00bb: [<br \/>\n\u3000\u3000\u3000{ \u00abhue\u00bb: \u00ab#00ccff\u00bb },<br \/>\n\u3000\u3000\u3000{ \u00absaturation\u00bb: -30 },<br \/>\n\u3000\u3000\u3000{ \u00ablightness\u00bb: -21 }<br \/>\n\u3000\u3000]<br \/>\n\u3000}<br \/>\n]<\/p>\n<p>6.207422, -75.560891<\/p>\n<p>box<\/p>\n<h3>Seguridad de su informaci\u00f3n<\/h3>\n<div class=\"image_frame image_item no_link scale-with-grid aligncenter no_border\" ><div class=\"image_wrapper\"><img loading=\"lazy\" decoding=\"async\" class=\"scale-with-grid\" src=\"https:\/\/armoniavip.com\/wp-content\/uploads\/2021\/10\/IM-2-Contacto-Atardeceres.jpg\" alt=\"IM-2-Contacto-Atardeceres\" width=\"800\" height=\"510\" \/><\/div><\/div>\n\n<hr class=\"no_line\" style=\"margin: 0 auto 20px;\"\/>\n\n<h5 style=\"font-style: italic\">Comprendemos que su informaci\u00f3n es confidencial. Le garantizamos darle un adecuado tratamiento de acuerdo a la ley de Habeas Data vigente en Colombia. Su aplicaci\u00f3n ser\u00e1 de uso exclusivo de Armon\u00eda VIP. para m\u00e1s informaci\u00f3n visite por favor nuestra secci\u00f3n de <a href=\"http:\/\/www.armoniavip.com\/manejo-de-la-informacion\/ \">Pol\u00edtica de manejo de la informaci\u00f3n<\/a>.<\/h5>\n<p>left<\/p>\n<p>no-repeat;center top;;<\/p>\n<p>auto<\/p>\n<p>Contact form<\/p>\n<h3>Escr\u00edbanos un mensaje<\/h3>\n<p class=\"big\">Si tiene alguna inquietud o solicitud entorno a nuestros servicios. Por favor escribanos un mensaje, estaremos felices de apoyarle con nuestros servicios.<\/p>\n\n<div class=\"wpcf7 no-js\" id=\"wpcf7-f52-o1\" lang=\"en-US\" dir=\"ltr\" data-wpcf7-id=\"52\">\n<div class=\"screen-reader-response\"><p role=\"status\" aria-live=\"polite\" aria-atomic=\"true\"><\/p> <ul><\/ul><\/div>\n<form action=\"\/index.php\/wp-json\/wp\/v2\/pages\/29#wpcf7-f52-o1\" method=\"post\" class=\"wpcf7-form init\" aria-label=\"Contact form\" novalidate=\"novalidate\" data-status=\"init\">\n<fieldset class=\"hidden-fields-container\"><input type=\"hidden\" name=\"_wpcf7\" value=\"52\" \/><input type=\"hidden\" name=\"_wpcf7_version\" value=\"6.1.5\" \/><input type=\"hidden\" name=\"_wpcf7_locale\" value=\"en_US\" \/><input type=\"hidden\" name=\"_wpcf7_unit_tag\" value=\"wpcf7-f52-o1\" \/><input type=\"hidden\" name=\"_wpcf7_container_post\" value=\"0\" \/><input type=\"hidden\" name=\"_wpcf7_posted_data_hash\" value=\"\" \/>\n<\/fieldset>\n<div class=\"column one\">\n\t<p><span class=\"wpcf7-form-control-wrap\" data-name=\"your-name\"><input size=\"40\" maxlength=\"400\" class=\"wpcf7-form-control wpcf7-text wpcf7-validates-as-required\" aria-required=\"true\" aria-invalid=\"false\" placeholder=\"Su nombre\" value=\"\" type=\"text\" name=\"your-name\" \/><\/span>\n\t<\/p>\n<\/div>\n<div class=\"column one-second\">\n\t<p><span class=\"wpcf7-form-control-wrap\" data-name=\"your-email\"><input size=\"40\" maxlength=\"400\" class=\"wpcf7-form-control wpcf7-email wpcf7-validates-as-required wpcf7-text wpcf7-validates-as-email\" aria-required=\"true\" aria-invalid=\"false\" placeholder=\"Su E-mail\" value=\"\" type=\"email\" name=\"your-email\" \/><\/span>\n\t<\/p>\n<\/div>\n<div class=\"column one-second\">\n\t<p><span class=\"wpcf7-form-control-wrap\" data-name=\"tel-855\"><input size=\"40\" maxlength=\"400\" class=\"wpcf7-form-control wpcf7-tel wpcf7-validates-as-required wpcf7-text wpcf7-validates-as-tel\" aria-required=\"true\" aria-invalid=\"false\" placeholder=\"Su tel\u00e9fono\" value=\"\" type=\"tel\" name=\"tel-855\" \/><\/span>\n\t<\/p>\n<\/div>\n<div class=\"column one\">\n\t<p><span class=\"wpcf7-form-control-wrap\" data-name=\"your-subject\"><input size=\"40\" maxlength=\"400\" class=\"wpcf7-form-control wpcf7-text wpcf7-validates-as-required\" aria-required=\"true\" aria-invalid=\"false\" placeholder=\"Asunto\" value=\"\" type=\"text\" name=\"your-subject\" \/><\/span>\n\t<\/p>\n<\/div>\n<div class=\"column one\">\n\t<p><span class=\"wpcf7-form-control-wrap\" data-name=\"your-message\"><textarea cols=\"40\" rows=\"4\" maxlength=\"2000\" class=\"wpcf7-form-control wpcf7-textarea\" aria-invalid=\"false\" placeholder=\"Mensaje\" name=\"your-message\"><\/textarea><\/span>\n\t<\/p>\n<\/div>\n<div class=\"column one\">\n\t<p><input class=\"wpcf7-form-control wpcf7-submit has-spinner\" type=\"submit\" value=\"Enviar mensaje\" \/>\n\t<\/p>\n<\/div><p style=\"display: none !important;\" class=\"akismet-fields-container\" data-prefix=\"_wpcf7_ak_\"><label>&#916;<textarea name=\"_wpcf7_ak_hp_textarea\" cols=\"45\" rows=\"8\" maxlength=\"100\"><\/textarea><\/label><input type=\"hidden\" id=\"ak_js_1\" name=\"_wpcf7_ak_js\" value=\"198\"\/><script>document.getElementById( \"ak_js_1\" ).setAttribute( \"value\", ( new Date() ).getTime() );<\/script><\/p><div class=\"wpcf7-response-output\" aria-hidden=\"true\"><\/div>\n<\/form>\n<\/div>\n\n<p>no-repeat;center top;;<\/p>\n<p>auto<\/p>\n<p>Horario de atenci\u00f3n<\/p>\n<p>Nuestro personal administrativo gustosamente le atender\u00e1 los d\u00edas<\/p>\n<ul>\n<li><label>Lunes &#8211; Viernes<\/label><span>8<sup>00 a.m.<\/sup> &#8211; 6<sup>00 p.m.-<\/sup><\/span><\/li>\n<li><label>S\u00e1bados<\/label><span>8<sup>00 a.m.<\/sup> &#8211; 3<sup>00 p.m.<\/sup><\/span><\/li>\n<\/ul>\n<p><img decoding=\"async\" src=\"https:\/\/armoniavip.com\/wp-content\/uploads\/2014\/12\/opening_hours.png\" alt=\"\"\/><\/p>\n<p>Sus seres queridos en buenas manos&#8230;.<\/p>\n<h3 style=\"margin: 0; font-weight: 400;\">Sus seres queridos en buenas manos&#8230;.<\/h3>\n<p>center<\/p>\n<p>no-repeat;center top;;<\/p>\n<p>auto<\/p>\n","protected":false},"excerpt":{"rendered":"<p>Su contacto es importante para nosotros Elegir una residencia para nuestras personas mayores es importante para cualquier familia. En Hogares Geri\u00e1tricos Armon\u00eda VIP somos conscientes de<span class=\"excerpt-hellip\"> [\u2026]<\/span><\/p>\n","protected":false},"author":2,"featured_media":0,"parent":0,"menu_order":6,"comment_status":"closed","ping_status":"closed","template":"","meta":{"om_disable_all_campaigns":false,"_monsterinsights_skip_tracking":false,"_monsterinsights_sitenote_active":false,"_monsterinsights_sitenote_note":"","_monsterinsights_sitenote_category":0,"_uf_show_specific_survey":0,"_uf_disable_surveys":false,"footnotes":""},"class_list":["post-29","page","type-page","status-publish","hentry"],"aioseo_notices":[],"yoast_head":"<!-- This site is optimized with the Yoast SEO plugin v27.3 - https:\/\/yoast.com\/product\/yoast-seo-wordpress\/ -->\n<title>Cont\u00e1ctenos - Armon\u00eda Vip<\/title>\n<meta name=\"robots\" content=\"index, follow, max-snippet:-1, max-image-preview:large, max-video-preview:-1\" \/>\n<link rel=\"canonical\" href=\"https:\/\/armoniavip.com\/index.php\/contactenos\/\" \/>\n<meta property=\"og:locale\" content=\"es_ES\" \/>\n<meta property=\"og:type\" content=\"article\" \/>\n<meta property=\"og:title\" content=\"Cont\u00e1ctenos - Armon\u00eda Vip\" \/>\n<meta property=\"og:description\" content=\"Su contacto es importante para nosotros Elegir una residencia para nuestras personas mayores es importante para cualquier familia. En Hogares Geri\u00e1tricos Armon\u00eda VIP somos conscientes de [\u2026]\" \/>\n<meta property=\"og:url\" content=\"https:\/\/armoniavip.com\/index.php\/contactenos\/\" \/>\n<meta property=\"og:site_name\" content=\"Armon\u00eda Vip\" \/>\n<meta property=\"article:modified_time\" content=\"2021-10-01T17:58:03+00:00\" \/>\n<meta property=\"og:image\" content=\"https:\/\/armoniavip.com\/wp-content\/uploads\/2014\/12\/opening_hours.png\" \/>\n<meta name=\"twitter:card\" content=\"summary_large_image\" \/>\n<meta name=\"twitter:label1\" content=\"Tiempo de lectura\" \/>\n\t<meta name=\"twitter:data1\" content=\"2 minutos\" \/>\n<script type=\"application\/ld+json\" class=\"yoast-schema-graph\">{\"@context\":\"https:\\\/\\\/schema.org\",\"@graph\":[{\"@type\":\"WebPage\",\"@id\":\"https:\\\/\\\/armoniavip.com\\\/index.php\\\/contactenos\\\/\",\"url\":\"https:\\\/\\\/armoniavip.com\\\/index.php\\\/contactenos\\\/\",\"name\":\"Cont\u00e1ctenos - Armon\u00eda Vip\",\"isPartOf\":{\"@id\":\"https:\\\/\\\/armoniavip.com\\\/#website\"},\"primaryImageOfPage\":{\"@id\":\"https:\\\/\\\/armoniavip.com\\\/index.php\\\/contactenos\\\/#primaryimage\"},\"image\":{\"@id\":\"https:\\\/\\\/armoniavip.com\\\/index.php\\\/contactenos\\\/#primaryimage\"},\"thumbnailUrl\":\"https:\\\/\\\/armoniavip.com\\\/wp-content\\\/uploads\\\/2014\\\/12\\\/opening_hours.png\",\"datePublished\":\"2014-12-02T20:27:24+00:00\",\"dateModified\":\"2021-10-01T17:58:03+00:00\",\"breadcrumb\":{\"@id\":\"https:\\\/\\\/armoniavip.com\\\/index.php\\\/contactenos\\\/#breadcrumb\"},\"inLanguage\":\"es\",\"potentialAction\":[{\"@type\":\"ReadAction\",\"target\":[\"https:\\\/\\\/armoniavip.com\\\/index.php\\\/contactenos\\\/\"]}]},{\"@type\":\"ImageObject\",\"inLanguage\":\"es\",\"@id\":\"https:\\\/\\\/armoniavip.com\\\/index.php\\\/contactenos\\\/#primaryimage\",\"url\":\"https:\\\/\\\/armoniavip.com\\\/wp-content\\\/uploads\\\/2014\\\/12\\\/opening_hours.png\",\"contentUrl\":\"https:\\\/\\\/armoniavip.com\\\/wp-content\\\/uploads\\\/2014\\\/12\\\/opening_hours.png\"},{\"@type\":\"BreadcrumbList\",\"@id\":\"https:\\\/\\\/armoniavip.com\\\/index.php\\\/contactenos\\\/#breadcrumb\",\"itemListElement\":[{\"@type\":\"ListItem\",\"position\":1,\"name\":\"Inicio\",\"item\":\"https:\\\/\\\/armoniavip.com\\\/\"},{\"@type\":\"ListItem\",\"position\":2,\"name\":\"Cont\u00e1ctenos\"}]},{\"@type\":\"WebSite\",\"@id\":\"https:\\\/\\\/armoniavip.com\\\/#website\",\"url\":\"https:\\\/\\\/armoniavip.com\\\/\",\"name\":\"Armon\u00eda Vip\",\"description\":\"Hogares Geri\u00e1tricos en Medell\u00edn\",\"potentialAction\":[{\"@type\":\"SearchAction\",\"target\":{\"@type\":\"EntryPoint\",\"urlTemplate\":\"https:\\\/\\\/armoniavip.com\\\/?s={search_term_string}\"},\"query-input\":{\"@type\":\"PropertyValueSpecification\",\"valueRequired\":true,\"valueName\":\"search_term_string\"}}],\"inLanguage\":\"es\"}]}<\/script>\n<!-- \/ Yoast SEO plugin. -->","yoast_head_json":{"title":"Cont\u00e1ctenos - Armon\u00eda Vip","robots":{"index":"index","follow":"follow","max-snippet":"max-snippet:-1","max-image-preview":"max-image-preview:large","max-video-preview":"max-video-preview:-1"},"canonical":"https:\/\/armoniavip.com\/index.php\/contactenos\/","og_locale":"es_ES","og_type":"article","og_title":"Cont\u00e1ctenos - Armon\u00eda Vip","og_description":"Su contacto es importante para nosotros Elegir una residencia para nuestras personas mayores es importante para cualquier familia. En Hogares Geri\u00e1tricos Armon\u00eda VIP somos conscientes de [\u2026]","og_url":"https:\/\/armoniavip.com\/index.php\/contactenos\/","og_site_name":"Armon\u00eda Vip","article_modified_time":"2021-10-01T17:58:03+00:00","og_image":[{"url":"https:\/\/armoniavip.com\/wp-content\/uploads\/2014\/12\/opening_hours.png","type":"","width":"","height":""}],"twitter_card":"summary_large_image","twitter_misc":{"Tiempo de lectura":"2 minutos"},"schema":{"@context":"https:\/\/schema.org","@graph":[{"@type":"WebPage","@id":"https:\/\/armoniavip.com\/index.php\/contactenos\/","url":"https:\/\/armoniavip.com\/index.php\/contactenos\/","name":"Cont\u00e1ctenos - Armon\u00eda Vip","isPartOf":{"@id":"https:\/\/armoniavip.com\/#website"},"primaryImageOfPage":{"@id":"https:\/\/armoniavip.com\/index.php\/contactenos\/#primaryimage"},"image":{"@id":"https:\/\/armoniavip.com\/index.php\/contactenos\/#primaryimage"},"thumbnailUrl":"https:\/\/armoniavip.com\/wp-content\/uploads\/2014\/12\/opening_hours.png","datePublished":"2014-12-02T20:27:24+00:00","dateModified":"2021-10-01T17:58:03+00:00","breadcrumb":{"@id":"https:\/\/armoniavip.com\/index.php\/contactenos\/#breadcrumb"},"inLanguage":"es","potentialAction":[{"@type":"ReadAction","target":["https:\/\/armoniavip.com\/index.php\/contactenos\/"]}]},{"@type":"ImageObject","inLanguage":"es","@id":"https:\/\/armoniavip.com\/index.php\/contactenos\/#primaryimage","url":"https:\/\/armoniavip.com\/wp-content\/uploads\/2014\/12\/opening_hours.png","contentUrl":"https:\/\/armoniavip.com\/wp-content\/uploads\/2014\/12\/opening_hours.png"},{"@type":"BreadcrumbList","@id":"https:\/\/armoniavip.com\/index.php\/contactenos\/#breadcrumb","itemListElement":[{"@type":"ListItem","position":1,"name":"Inicio","item":"https:\/\/armoniavip.com\/"},{"@type":"ListItem","position":2,"name":"Cont\u00e1ctenos"}]},{"@type":"WebSite","@id":"https:\/\/armoniavip.com\/#website","url":"https:\/\/armoniavip.com\/","name":"Armon\u00eda Vip","description":"Hogares Geri\u00e1tricos en Medell\u00edn","potentialAction":[{"@type":"SearchAction","target":{"@type":"EntryPoint","urlTemplate":"https:\/\/armoniavip.com\/?s={search_term_string}"},"query-input":{"@type":"PropertyValueSpecification","valueRequired":true,"valueName":"search_term_string"}}],"inLanguage":"es"}]}},"_links":{"self":[{"href":"https:\/\/armoniavip.com\/index.php\/wp-json\/wp\/v2\/pages\/29","targetHints":{"allow":["GET"]}}],"collection":[{"href":"https:\/\/armoniavip.com\/index.php\/wp-json\/wp\/v2\/pages"}],"about":[{"href":"https:\/\/armoniavip.com\/index.php\/wp-json\/wp\/v2\/types\/page"}],"author":[{"embeddable":true,"href":"https:\/\/armoniavip.com\/index.php\/wp-json\/wp\/v2\/users\/2"}],"replies":[{"embeddable":true,"href":"https:\/\/armoniavip.com\/index.php\/wp-json\/wp\/v2\/comments?post=29"}],"version-history":[{"count":2,"href":"https:\/\/armoniavip.com\/index.php\/wp-json\/wp\/v2\/pages\/29\/revisions"}],"predecessor-version":[{"id":307,"href":"https:\/\/armoniavip.com\/index.php\/wp-json\/wp\/v2\/pages\/29\/revisions\/307"}],"wp:attachment":[{"href":"https:\/\/armoniavip.com\/index.php\/wp-json\/wp\/v2\/media?parent=29"}],"curies":[{"name":"wp","href":"https:\/\/api.w.org\/{rel}","templated":true}]}}