{"id":80,"date":"2014-12-02T09:30:24","date_gmt":"2014-12-02T14:30:24","guid":{"rendered":"http:\/\/themes.muffingroup.com\/be\/vision\/?page_id=2"},"modified":"2024-03-23T09:46:05","modified_gmt":"2024-03-23T14:46:05","slug":"home","status":"publish","type":"page","link":"https:\/\/armoniavip.com\/","title":{"rendered":"Home"},"content":{"rendered":"<p>Hogar geri\u00e1trico<\/p>\n<div style=\"margin: 0 0 0 3%;\">\n<h2 style=\"color: #c99704;\">Hogares geri\u00e1tricos en Medell\u00edn con atenci\u00f3n centrada en la persona<\/h2>\n<h4 style=\"color: #353535; margin-right: 30%;\">M\u00e1s de 30 a\u00f1os brindando calidad de vida a trav\u00e9s del cuidado y la atenci\u00f3n en nuestros hogares geri\u00e1tricos en Medell\u00edn.<\/h4>\n<p><hr class=\"no_line\" style=\"margin: 0 auto 10px;\"\/>\n<br \/>\n<a class=\"button  button_size_2 button_js\" href=\"https:\/\/armoniavip.com\/index.php\/contactenos\/\"      style=\" background-color:#e7f1f4 !important; color:#001e5a;\"><span class=\"button_label\">Cont\u00e1ctenos<\/span><\/a>\n<\/p>\n<\/div>\n<p>left<\/p>\n<p>no-repeat;center top;;<\/p>\n<p>auto<\/p>\n<div style=\"background: #1c618c url('#') no-repeat center -20px; border-bottom: 20px solid #337198; padding: 30px 10% 20px; text-align: center; color: #fff;\">\n<h3 style=\"color: #fff;\">Espacios<br \/>\nconfortables<\/h3>\n<p><img decoding=\"async\" src=\"https:\/\/armoniavip.com\/wp-content\/uploads\/2014\/12\/home_vision_dots_small.png\" alt=\"\" \/><\/p>\n<h4 style=\"color: #fff;\">Amplias alcobas y zonas sociales, adaptadas para las personas mayores<\/h4>\n<\/div>\n<p>no-repeat;center top;;<\/p>\n<p>auto<\/p>\n<div style=\"background: #228cb3 url('#') no-repeat center -20px; border-bottom: 20px solid #3897bb; padding: 30px 10% 20px; text-align: center; color: #fff;\">\n<h3 style=\"color: #fff;\">Equipo humano<br \/>\nprofesional<\/h3>\n<p><img decoding=\"async\" src=\"https:\/\/armoniavip.com\/wp-content\/uploads\/2014\/12\/home_vision_dots_small.png\" alt=\"\" \/><\/p>\n<h4 style=\"color: #fff;\">Enfermeras, terapeutas, geront\u00f3logas y m\u00e9dicos con calidad humana<\/h4>\n<\/div>\n<p>no-repeat;center top;;<\/p>\n<p>auto<\/p>\n<div style=\"background: #5aaecb url('h#') no-repeat center -20px; border-bottom: 20px solid #6bb6d0; padding: 30px 10% 20px; text-align: center; color: #fff;\">\n<h3 style=\"color: #fff;\">Seguimiento<br \/>\npersonalizado<\/h3>\n<p><img decoding=\"async\" src=\"https:\/\/armoniavip.com\/wp-content\/uploads\/2014\/12\/home_vision_dots_small.png\" alt=\"\" \/><\/p>\n<h4 style=\"color: #fff;\">Programa de atenci\u00f3n m\u00e9dica, enfermer\u00eda y gerontol\u00f3gica individual<\/h4>\n<\/div>\n<p>no-repeat;center top;;<\/p>\n<p>auto<\/p>\n<p>Bienvenidos a Armon\u00eda VIP<\/p>\n<p><div class=\"image_frame image_item no_link scale-with-grid aligncenter no_border\" ><div class=\"image_wrapper\"><img decoding=\"async\" class=\"scale-with-grid\" src=\"https:\/\/www.armoniavip.com\/wp-content\/uploads\/2017\/08\/IM-1-Servicios-Atardeceres.png\" alt=\"\"   \/><\/div><\/div>\n<br \/>\n<hr class=\"no_line\" style=\"margin: 0 auto 15px;\"\/>\n<\/p>\n<h4 style=\"margin: 0px 3%;\">Nuestros Hogares geri\u00e1tricos en Medell\u00edn, cuentan con m\u00e1s de 30 a\u00f1os de experiencia, disponemos a su entero servicio de sedes en los exclusivos sectores de Laureles y El Poblado. Hogares geri\u00e1tricos Armon\u00eda VIP brinda atenci\u00f3n humana y profesional con cuidados especiales las 24 horas del d\u00eda, para los adultos mayores.<\/h4>\n<p>icon<\/p>\n<p><img decoding=\"async\" src=\"https:\/\/armoniavip.com\/wp-content\/uploads\/2021\/10\/IM-6-Landing-Atardeceres.png\" alt=\"IM 6 Landing Atardeceres\" \/><\/p>\n<p>Hogares Geri\u00e1tricos en Medell\u00edn con atenci\u00f3n centrada en la persona<\/p>\n<h3 style=\"margin-top: 20px;\">Hogares Geri\u00e1tricos en Medell\u00edn con atenci\u00f3n centrada en la persona<\/h3>\n<h5 style=\"font-style: italic;\">La Atenci\u00f3n Centrada en la Persona (ACP) es un enfoque con alta capacidad para mejorar la calidad de los servicios y orientar la buena praxis profesional en los servicios gerontol\u00f3gicos.<\/h5>\n<p>En nuestros Hogares Geri\u00e1tricos en Medell\u00edn Armon\u00eda VIP, planificamos de manera humana e integral el servicio que brindamos a las personas mayores, partiendo desde sus necesidades, garantizando y respetando sus derechos y preferencias, priorizando su calidad de vida y lo m\u00e1s importante, propiciando espacios llenos de confort y atenci\u00f3n profesional y calificada, que otorguen la tranquilidad requerida para sus seres queridos y sus familias.<\/p>\n<a class=\"button  button_size_2 button_js\" href=\"w.armoniavip.com\/atencion-centrada-en-la-persona\/\"      style=\" background-color:#e7f1f4 !important; color:#001e5a;\"><span class=\"button_label\">Ver plan estrat\u00e9gico de atenci\u00f3n centrada en la persona <\/span><\/a>\n\n<p>no-repeat;center top;;<\/p>\n<p>auto<\/p>\n<p>Heading<\/p>\n<h2>Servicios &amp; Cuidados<\/h2>\n<p>center<\/p>\n<p>no-repeat;center top;;<\/p>\n<p>auto<\/p>\n<p>10px<\/p>\n<p><img decoding=\"async\" src=\"https:\/\/armoniavip.com\/wp-content\/uploads\/2021\/10\/IM-14-Landing-Atardeceres.jpg\" alt=\"IM 14 Landing Atardeceres\" \/><\/p>\n<p>Alojamiento confortable<\/p>\n<p><a href=\"https:\/\/www.armoniavip.com\/servicios\/\">https:\/\/www.armoniavip.com\/servicios\/<\/a><\/p>\n<p><img decoding=\"async\" src=\"https:\/\/armoniavip.com\/wp-content\/uploads\/2021\/10\/IM-10-Landing-Atardeceres.jpg\" alt=\"IM 10 Landing Atardeceres\" \/><\/p>\n<p>Enfermer\u00eda 24 Horas<\/p>\n<p><a href=\"https:\/\/www.armoniavip.com\/servicios\/\">https:\/\/www.armoniavip.com\/servicios\/<\/a><\/p>\n<p><img decoding=\"async\" src=\"https:\/\/armoniavip.com\/wp-content\/uploads\/2021\/10\/IM-8-Landing-Atardeceres.jpg\" alt=\"IM 8 Landing Atardeceres\" \/><\/p>\n<p>Supervisi\u00f3n medicinas<\/p>\n<p><a href=\"https:\/\/www.armoniavip.com\/servicios\/\">https:\/\/www.armoniavip.com\/servicios\/<\/a><\/p>\n<p><img decoding=\"async\" src=\"https:\/\/armoniavip.com\/wp-content\/uploads\/2021\/10\/IM-7-Landing-Atardeceres.jpg\" alt=\"IM 7 Landing Atardeceres\" \/><\/p>\n<p>Alimentaci\u00f3n adecuada<\/p>\n<p><a href=\"https:\/\/www.armoniavip.com\/servicios\/\">https:\/\/www.armoniavip.com\/servicios\/<\/a><\/p>\n<p>default<\/p>\n<p><img decoding=\"async\" src=\"https:\/\/armoniavip.com\/wp-content\/uploads\/2021\/10\/IM-9-Landing-Atardeceres.jpg\" alt=\"IM 9 Landing Atardeceres\" \/><\/p>\n<p>Terapia ocupacional<\/p>\n<p><a href=\"https:\/\/www.armoniavip.com\/servicios\/\">https:\/\/www.armoniavip.com\/servicios\/<\/a><\/p>\n<p><img decoding=\"async\" src=\"https:\/\/armoniavip.com\/wp-content\/uploads\/2021\/10\/IM-11-Landing-Atardeceres.jpg\" alt=\"IM 11 Landing Atardeceres\" \/><\/p>\n<p>Terapia f\u00edsica<\/p>\n<p><a href=\"https:\/\/www.armoniavip.com\/servicios\/\">https:\/\/www.armoniavip.com\/servicios\/<\/a><\/p>\n<p><img decoding=\"async\" src=\"https:\/\/armoniavip.com\/wp-content\/uploads\/2021\/10\/IM-12-Landing-Atardeceres.jpg\" alt=\"IM 12 Landing Atardeceres\" \/><\/p>\n<p>Recreaci\u00f3n dirigida<\/p>\n<p><a href=\"https:\/\/www.armoniavip.com\/servicios\/\">https:\/\/www.armoniavip.com\/servicios\/<\/a><\/p>\n<p><img decoding=\"async\" src=\"https:\/\/armoniavip.com\/wp-content\/uploads\/2021\/10\/IM-13-Landing-Atardeceres.jpg\" alt=\"IM 13 Landing Atardeceres\" \/><\/p>\n<p>Atenci\u00f3n espiritual<\/p>\n<p><a href=\"https:\/\/www.armoniavip.com\/servicios\/\">https:\/\/www.armoniavip.com\/servicios\/<\/a><\/p>\n<p>Sus seres queridos en buenas manos&#8230;<\/p>\n<h3 style=\"margin: 0; font-weight: 400;\">Sus seres queridos en buenas manos&#8230;.<\/h3>\n<p>center<\/p>\n<p>no-repeat;center top;;<\/p>\n<p>auto<\/p>\n","protected":false},"excerpt":{"rendered":"<p>Hogar geri\u00e1trico Hogares geri\u00e1tricos en Medell\u00edn con atenci\u00f3n centrada en la persona M\u00e1s de 30 a\u00f1os brindando calidad de vida a trav\u00e9s del cuidado y la<span class=\"excerpt-hellip\"> [\u2026]<\/span><\/p>\n","protected":false},"author":2,"featured_media":275,"parent":0,"menu_order":1,"comment_status":"closed","ping_status":"closed","template":"","meta":{"om_disable_all_campaigns":false,"_monsterinsights_skip_tracking":false,"_monsterinsights_sitenote_active":false,"_monsterinsights_sitenote_note":"","_monsterinsights_sitenote_category":0,"_uf_show_specific_survey":0,"_uf_disable_surveys":false,"footnotes":""},"class_list":["post-80","page","type-page","status-publish","has-post-thumbnail","hentry"],"aioseo_notices":[],"yoast_head":"<!-- This site is optimized with the Yoast SEO plugin v27.4 - https:\/\/yoast.com\/product\/yoast-seo-wordpress\/ -->\n<title>ARMON\u00cdA VIP | Somos los mejores Hogares Geri\u00e1tricos en Medell\u00edn<\/title>\n<meta name=\"description\" content=\"Nuestros Hogares Geri\u00e1tricos en Medell\u00edn te brindan calidad de vida a trav\u00e9s del cuidado y la atenci\u00f3n gerontol\u00f3gica.\" \/>\n<meta name=\"robots\" content=\"index, follow, max-snippet:-1, max-image-preview:large, max-video-preview:-1\" \/>\n<link rel=\"canonical\" href=\"https:\/\/armoniavip.com\/\" \/>\n<meta property=\"og:locale\" content=\"es_ES\" \/>\n<meta property=\"og:type\" content=\"article\" \/>\n<meta property=\"og:title\" content=\"Armon\u00eda Vip\" \/>\n<meta property=\"og:description\" content=\"Calidad de vida a trav\u00e9s del cuidado y la atenci\u00f3n gerontol\u00f3gica | Ll\u00e1manos: Sede Laureles 313 7095064 Sede Poblado 300 281 4002\" \/>\n<meta property=\"og:url\" content=\"https:\/\/armoniavip.com\/\" \/>\n<meta property=\"og:site_name\" content=\"Armon\u00eda Vip\" \/>\n<meta property=\"article:modified_time\" content=\"2024-03-23T14:46:05+00:00\" \/>\n<meta name=\"twitter:card\" content=\"summary_large_image\" \/>\n<meta name=\"twitter:image\" content=\"https:\/\/armoniavip.com\/wp-content\/uploads\/2021\/10\/IM-10-Landing-Atardeceres-1.jpg\" \/>\n<meta name=\"twitter:label1\" content=\"Tiempo de lectura\" \/>\n\t<meta name=\"twitter:data1\" content=\"5 minutos\" \/>\n<script type=\"application\/ld+json\" class=\"yoast-schema-graph\">{\"@context\":\"https:\\\/\\\/schema.org\",\"@graph\":[{\"@type\":\"WebPage\",\"@id\":\"https:\\\/\\\/armoniavip.com\\\/\",\"url\":\"https:\\\/\\\/armoniavip.com\\\/\",\"name\":\"ARMON\u00cdA VIP | Somos los mejores Hogares Geri\u00e1tricos en Medell\u00edn\",\"isPartOf\":{\"@id\":\"https:\\\/\\\/armoniavip.com\\\/#website\"},\"primaryImageOfPage\":{\"@id\":\"https:\\\/\\\/armoniavip.com\\\/#primaryimage\"},\"image\":{\"@id\":\"https:\\\/\\\/armoniavip.com\\\/#primaryimage\"},\"thumbnailUrl\":\"https:\\\/\\\/armoniavip.com\\\/wp-content\\\/uploads\\\/2021\\\/10\\\/IM-10-Landing-Atardeceres-1.jpg\",\"datePublished\":\"2014-12-02T14:30:24+00:00\",\"dateModified\":\"2024-03-23T14:46:05+00:00\",\"description\":\"Nuestros Hogares Geri\u00e1tricos en Medell\u00edn te brindan calidad de vida a trav\u00e9s del cuidado y la atenci\u00f3n gerontol\u00f3gica.\",\"breadcrumb\":{\"@id\":\"https:\\\/\\\/armoniavip.com\\\/#breadcrumb\"},\"inLanguage\":\"es\",\"potentialAction\":[{\"@type\":\"ReadAction\",\"target\":[\"https:\\\/\\\/armoniavip.com\\\/\"]}]},{\"@type\":\"ImageObject\",\"inLanguage\":\"es\",\"@id\":\"https:\\\/\\\/armoniavip.com\\\/#primaryimage\",\"url\":\"https:\\\/\\\/armoniavip.com\\\/wp-content\\\/uploads\\\/2021\\\/10\\\/IM-10-Landing-Atardeceres-1.jpg\",\"contentUrl\":\"https:\\\/\\\/armoniavip.com\\\/wp-content\\\/uploads\\\/2021\\\/10\\\/IM-10-Landing-Atardeceres-1.jpg\",\"width\":380,\"height\":260},{\"@type\":\"BreadcrumbList\",\"@id\":\"https:\\\/\\\/armoniavip.com\\\/#breadcrumb\",\"itemListElement\":[{\"@type\":\"ListItem\",\"position\":1,\"name\":\"Inicio\",\"item\":\"https:\\\/\\\/armoniavip.com\\\/\"},{\"@type\":\"ListItem\",\"position\":2,\"name\":\"Home\"}]},{\"@type\":\"WebSite\",\"@id\":\"https:\\\/\\\/armoniavip.com\\\/#website\",\"url\":\"https:\\\/\\\/armoniavip.com\\\/\",\"name\":\"Armon\u00eda Vip\",\"description\":\"Hogares Geri\u00e1tricos en Medell\u00edn\",\"potentialAction\":[{\"@type\":\"SearchAction\",\"target\":{\"@type\":\"EntryPoint\",\"urlTemplate\":\"https:\\\/\\\/armoniavip.com\\\/?s={search_term_string}\"},\"query-input\":{\"@type\":\"PropertyValueSpecification\",\"valueRequired\":true,\"valueName\":\"search_term_string\"}}],\"inLanguage\":\"es\"}]}<\/script>\n<!-- \/ Yoast SEO plugin. -->","yoast_head_json":{"title":"ARMON\u00cdA VIP | Somos los mejores Hogares Geri\u00e1tricos en Medell\u00edn","description":"Nuestros Hogares Geri\u00e1tricos en Medell\u00edn te brindan calidad de vida a trav\u00e9s del cuidado y la atenci\u00f3n gerontol\u00f3gica.","robots":{"index":"index","follow":"follow","max-snippet":"max-snippet:-1","max-image-preview":"max-image-preview:large","max-video-preview":"max-video-preview:-1"},"canonical":"https:\/\/armoniavip.com\/","og_locale":"es_ES","og_type":"article","og_title":"Armon\u00eda Vip","og_description":"Calidad de vida a trav\u00e9s del cuidado y la atenci\u00f3n gerontol\u00f3gica | Ll\u00e1manos: Sede Laureles 313 7095064 Sede Poblado 300 281 4002","og_url":"https:\/\/armoniavip.com\/","og_site_name":"Armon\u00eda Vip","article_modified_time":"2024-03-23T14:46:05+00:00","twitter_card":"summary_large_image","twitter_image":"https:\/\/armoniavip.com\/wp-content\/uploads\/2021\/10\/IM-10-Landing-Atardeceres-1.jpg","twitter_misc":{"Tiempo de lectura":"5 minutos"},"schema":{"@context":"https:\/\/schema.org","@graph":[{"@type":"WebPage","@id":"https:\/\/armoniavip.com\/","url":"https:\/\/armoniavip.com\/","name":"ARMON\u00cdA VIP | Somos los mejores Hogares Geri\u00e1tricos en Medell\u00edn","isPartOf":{"@id":"https:\/\/armoniavip.com\/#website"},"primaryImageOfPage":{"@id":"https:\/\/armoniavip.com\/#primaryimage"},"image":{"@id":"https:\/\/armoniavip.com\/#primaryimage"},"thumbnailUrl":"https:\/\/armoniavip.com\/wp-content\/uploads\/2021\/10\/IM-10-Landing-Atardeceres-1.jpg","datePublished":"2014-12-02T14:30:24+00:00","dateModified":"2024-03-23T14:46:05+00:00","description":"Nuestros Hogares Geri\u00e1tricos en Medell\u00edn te brindan calidad de vida a trav\u00e9s del cuidado y la atenci\u00f3n gerontol\u00f3gica.","breadcrumb":{"@id":"https:\/\/armoniavip.com\/#breadcrumb"},"inLanguage":"es","potentialAction":[{"@type":"ReadAction","target":["https:\/\/armoniavip.com\/"]}]},{"@type":"ImageObject","inLanguage":"es","@id":"https:\/\/armoniavip.com\/#primaryimage","url":"https:\/\/armoniavip.com\/wp-content\/uploads\/2021\/10\/IM-10-Landing-Atardeceres-1.jpg","contentUrl":"https:\/\/armoniavip.com\/wp-content\/uploads\/2021\/10\/IM-10-Landing-Atardeceres-1.jpg","width":380,"height":260},{"@type":"BreadcrumbList","@id":"https:\/\/armoniavip.com\/#breadcrumb","itemListElement":[{"@type":"ListItem","position":1,"name":"Inicio","item":"https:\/\/armoniavip.com\/"},{"@type":"ListItem","position":2,"name":"Home"}]},{"@type":"WebSite","@id":"https:\/\/armoniavip.com\/#website","url":"https:\/\/armoniavip.com\/","name":"Armon\u00eda Vip","description":"Hogares Geri\u00e1tricos en Medell\u00edn","potentialAction":[{"@type":"SearchAction","target":{"@type":"EntryPoint","urlTemplate":"https:\/\/armoniavip.com\/?s={search_term_string}"},"query-input":{"@type":"PropertyValueSpecification","valueRequired":true,"valueName":"search_term_string"}}],"inLanguage":"es"}]}},"_links":{"self":[{"href":"https:\/\/armoniavip.com\/index.php\/wp-json\/wp\/v2\/pages\/80","targetHints":{"allow":["GET"]}}],"collection":[{"href":"https:\/\/armoniavip.com\/index.php\/wp-json\/wp\/v2\/pages"}],"about":[{"href":"https:\/\/armoniavip.com\/index.php\/wp-json\/wp\/v2\/types\/page"}],"author":[{"embeddable":true,"href":"https:\/\/armoniavip.com\/index.php\/wp-json\/wp\/v2\/users\/2"}],"replies":[{"embeddable":true,"href":"https:\/\/armoniavip.com\/index.php\/wp-json\/wp\/v2\/comments?post=80"}],"version-history":[{"count":3,"href":"https:\/\/armoniavip.com\/index.php\/wp-json\/wp\/v2\/pages\/80\/revisions"}],"predecessor-version":[{"id":2561,"href":"https:\/\/armoniavip.com\/index.php\/wp-json\/wp\/v2\/pages\/80\/revisions\/2561"}],"wp:featuredmedia":[{"embeddable":true,"href":"https:\/\/armoniavip.com\/index.php\/wp-json\/wp\/v2\/media\/275"}],"wp:attachment":[{"href":"https:\/\/armoniavip.com\/index.php\/wp-json\/wp\/v2\/media?parent=80"}],"curies":[{"name":"wp","href":"https:\/\/api.w.org\/{rel}","templated":true}]}}